{"id":7,"date":"2024-05-22T06:09:11","date_gmt":"2024-05-22T06:09:11","guid":{"rendered":"http:\/\/www.donderberg.laeken.brussels\/?page_id=7"},"modified":"2024-05-28T16:50:09","modified_gmt":"2024-05-28T16:50:09","slug":"homepage","status":"publish","type":"page","link":"https:\/\/www.donderberg.laeken.brussels\/","title":{"rendered":""},"content":{"rendered":"\n<div class=\"wp-block-group has-global-padding is-layout-constrained wp-block-group-is-layout-constrained\">\n<div style=\"height:57px\" aria-hidden=\"true\" class=\"wp-block-spacer\"><\/div>\n\n\n\n<h1 class=\"wp-block-heading has-text-align-center has-medium-font-size\" style=\"letter-spacing:1px\">SAVE DONDERBERG!<\/h1>\n\n\n\n<p class=\"has-text-align-center\">A Laeken, la Ville s&#8217;apprete \u00e0 battre 155 arbres sains et b\u00e9tonner le site du Donderberg, un site naturel remarquable de 3 hectares dont le quartier a grand besoin pour respirer,<strong>&nbsp;<\/strong>Pour installer an \u00e9cole alors que les projections montrent qu&#8217;on n&#8217;en aura PAS besoin<\/p>\n\n\n\n<div style=\"height:57px\" aria-hidden=\"true\" class=\"wp-block-spacer\"><\/div>\n<\/div>\n\n\n\n<div class=\"wp-block-cover alignfull has-parallax is-repeated is-position-center-center\" style=\"border-radius:0px\"><span aria-hidden=\"true\" class=\"wp-block-cover__background has-foreground-background-color has-background-dim-40 has-background-dim\"><\/span><div class=\"wp-block-cover__image-background wp-image-40 has-parallax is-repeated\" style=\"background-position:48% 25%;background-image:url(http:\/\/www.donderberg.laeken.brussels\/wp-content\/uploads\/2024\/05\/391617327_626974542974822_1527215429882844919_n-1.jpg)\"><\/div><div class=\"wp-block-cover__inner-container is-layout-flow wp-block-cover-is-layout-flow\">\n<div class=\"wp-block-group has-global-padding is-layout-constrained wp-block-group-is-layout-constrained\">\n<h2 class=\"wp-block-heading has-text-align-center has-text-color has-medium-font-size\" style=\"color:#e6ff01;font-style:normal;font-weight:800;text-transform:uppercase\">Nous avons besoin de ton aide!<\/h2>\n\n\n\n<div class=\"wp-block-buttons alignwide is-horizontal is-content-justification-center is-layout-flex wp-container-core-buttons-is-layout-03627597 wp-block-buttons-is-layout-flex\">\n<div class=\"wp-block-button has-custom-width wp-block-button__width-25 is-style-fill\" style=\"font-style:normal;font-weight:700\"><a class=\"wp-block-button__link has-primary-color has-text-color has-background wp-element-button\" href=\"http:\/\/www.donderberg.laeken.brussels\/index.php\/appel-de-fonds\/\" style=\"border-width:2px;border-radius:0px;background-color:#eeff05\"><strong>AIDE MAINTENANT<\/strong><\/a><\/div>\n<\/div>\n<\/div>\n<\/div><\/div>\n\n\n\n<div class=\"wp-block-group alignfull has-global-padding is-layout-constrained wp-block-group-is-layout-constrained\">\n<div class=\"wp-block-group has-global-padding is-layout-constrained wp-block-group-is-layout-constrained\" style=\"padding-top:var(--wp--preset--spacing--small);padding-bottom:var(--wp--preset--spacing--small)\">\n<div style=\"height:30px\" aria-hidden=\"true\" class=\"wp-block-spacer\"><\/div>\n\n\n\n<div class=\"wp-block-columns is-layout-flex wp-container-core-columns-is-layout-c375d253 wp-block-columns-is-layout-flex\">\n<div class=\"wp-block-column is-layout-flow wp-block-column-is-layout-flow\">\n<div class=\"wp-block-group is-nowrap is-layout-flex wp-container-core-group-is-layout-6c531013 wp-block-group-is-layout-flex\">\n<div class=\"wp-block-media-text has-media-on-the-right is-stacked-on-mobile\"><div class=\"wp-block-media-text__content\">\n<h3 class=\"wp-block-heading\">LA LOCATION<\/h3>\n\n\n\n<p>Le Donderberg est situ\u00e9 \u00e0 <strong>300m du m\u00e9tro Bockstael <\/strong>(Laeken). Le site est enclav\u00e9 entre la rue du Mont Saint-Alban, la rue des Horticulteurs et la rue M\u00e9dori.<\/p>\n<\/div><figure class=\"wp-block-media-text__media\"><video controls src=\"http:\/\/www.donderberg.laeken.brussels\/wp-content\/uploads\/2024\/05\/video-position-2-3.mp4\"><\/video><\/figure><\/div>\n<\/div>\n<\/div>\n<\/div>\n\n\n\n<div class=\"wp-block-columns is-layout-flex wp-container-core-columns-is-layout-c375d253 wp-block-columns-is-layout-flex\">\n<div class=\"wp-block-column is-vertically-aligned-center is-layout-flow wp-block-column-is-layout-flow\">\n<figure class=\"wp-block-image size-large\"><img fetchpriority=\"high\" decoding=\"async\" width=\"1024\" height=\"611\" src=\"http:\/\/www.donderberg.laeken.brussels\/wp-content\/uploads\/2024\/05\/349094103_811871640551724_2781558303814358280_n-3-1024x611.jpg\" alt=\"\" class=\"wp-image-196\" srcset=\"https:\/\/www.donderberg.laeken.brussels\/wp-content\/uploads\/2024\/05\/349094103_811871640551724_2781558303814358280_n-3-1024x611.jpg 1024w, https:\/\/www.donderberg.laeken.brussels\/wp-content\/uploads\/2024\/05\/349094103_811871640551724_2781558303814358280_n-3-300x179.jpg 300w, https:\/\/www.donderberg.laeken.brussels\/wp-content\/uploads\/2024\/05\/349094103_811871640551724_2781558303814358280_n-3-2000x1193.jpg 2000w, https:\/\/www.donderberg.laeken.brussels\/wp-content\/uploads\/2024\/05\/349094103_811871640551724_2781558303814358280_n-3.jpg 2048w\" sizes=\"(max-width: 1024px) 100vw, 1024px\" \/><\/figure>\n<\/div>\n\n\n\n<div class=\"wp-block-column is-layout-flow wp-block-column-is-layout-flow\">\n<p><\/p>\n\n\n\n<h3 class=\"wp-block-heading\">STOP BETON<\/h3>\n\n\n\n<p>Le Donderberg est menac\u00e9 depuis 2016 par un projet immobilier de la R\u00e9gie fonci\u00e8re de la Ville de Bruxelles , ledit projet HOP (Horticulteurs-Perruches). HOP5 (5\u00e8me version du projet) pr\u00e9voit la construction d&#8217;une \u00e9cole maternelle et primaire francophone de 672 \u00e9l\u00e8ves , d&#8217;une salle de sport et d&#8217;un local de quartier, ainsi qu&#8217;un immeuble de 8 logements , un local pour une profession lib\u00e9rale et un parking souterrain de 17 places en lisi\u00e8re de site .<\/p>\n\n\n\n<div class=\"wp-block-buttons is-layout-flex wp-block-buttons-is-layout-flex\">\n<div class=\"wp-block-button\"><a class=\"wp-block-button__link wp-element-button\" href=\"http:\/\/www.donderberg.laeken.brussels\/index.php\/hop-project\/\">D\u00c9COUVREZ ICI<\/a><\/div>\n<\/div>\n<\/div>\n<\/div>\n<\/div>\n<\/div>\n\n\n\n<div class=\"wp-block-group alignfull has-background has-global-padding is-layout-constrained wp-block-group-is-layout-constrained\" style=\"background-color:#f8f8f8\">\n<div class=\"wp-block-group has-global-padding is-layout-constrained wp-block-group-is-layout-constrained\" style=\"padding-top:var(--wp--preset--spacing--small);padding-bottom:var(--wp--preset--spacing--small)\">\n<div class=\"wp-block-columns are-vertically-aligned-center is-layout-flex wp-container-core-columns-is-layout-c375d253 wp-block-columns-is-layout-flex\">\n<div class=\"wp-block-column is-vertically-aligned-center is-layout-flow wp-block-column-is-layout-flow\">\n<p><br><\/p>\n\n\n\n<h3 class=\"wp-block-heading\">LA FLAURE ET LA FAUNE<\/h3>\n\n\n\n<p>Le Donderberg est menac\u00e9 depuis 2016 par un projet immobilier de la R\u00e9gie fonci\u00e8re de la Ville de Bruxelles , ledit projet HOP (Horticulteurs-Perruches). HOP5 (5\u00e8me version du projet) pr\u00e9voit la construction d&#8217;une \u00e9cole maternelle et primaire francophone de 672 \u00e9l\u00e8ves , d&#8217;une salle de sport et d&#8217;un local de quartier, ainsi qu&#8217;un immeuble de 8 logements , un local pour une profession lib\u00e9rale et un parking souterrain de 17 places en lisi\u00e8re de site .<\/p>\n\n\n\n<div class=\"wp-block-buttons is-layout-flex wp-block-buttons-is-layout-flex\">\n<div class=\"wp-block-button is-style-fill\"><a class=\"wp-block-button__link wp-element-button\" href=\"http:\/\/www.donderberg.laeken.brussels\/index.php\/la-faune-la-flore\/\" style=\"border-radius:0px\">D\u00c9COUVREZ ICI<\/a><\/div>\n<\/div>\n<\/div>\n\n\n\n<div class=\"wp-block-column is-vertically-aligned-center is-layout-flow wp-block-column-is-layout-flow\">\n<figure class=\"wp-block-image size-large is-resized\"><img decoding=\"async\" width=\"1024\" height=\"529\" src=\"http:\/\/www.donderberg.laeken.brussels\/wp-content\/uploads\/2024\/05\/farf4-1-1024x529.jpg\" alt=\"\" class=\"wp-image-160\" style=\"width:554px;height:auto\" srcset=\"https:\/\/www.donderberg.laeken.brussels\/wp-content\/uploads\/2024\/05\/farf4-1-1024x529.jpg 1024w, https:\/\/www.donderberg.laeken.brussels\/wp-content\/uploads\/2024\/05\/farf4-1-300x155.jpg 300w, https:\/\/www.donderberg.laeken.brussels\/wp-content\/uploads\/2024\/05\/farf4-1.jpg 1760w\" sizes=\"(max-width: 1024px) 100vw, 1024px\" \/><\/figure>\n<\/div>\n<\/div>\n<\/div>\n\n\n\n<div class=\"wp-block-group has-global-padding is-layout-constrained wp-block-group-is-layout-constrained\" style=\"padding-top:var(--wp--preset--spacing--small);padding-bottom:var(--wp--preset--spacing--small)\">\n<div class=\"wp-block-columns are-vertically-aligned-center is-layout-flex wp-container-core-columns-is-layout-c375d253 wp-block-columns-is-layout-flex\">\n<div class=\"wp-block-column is-vertically-aligned-center is-layout-flow wp-block-column-is-layout-flow\">\n<figure class=\"wp-block-image size-large\"><img decoding=\"async\" width=\"1024\" height=\"576\" src=\"http:\/\/www.donderberg.laeken.brussels\/wp-content\/uploads\/2024\/05\/124045290_209501187206661_1925020657094654674_n-1024x576.jpg\" alt=\"\" class=\"wp-image-68\" srcset=\"https:\/\/www.donderberg.laeken.brussels\/wp-content\/uploads\/2024\/05\/124045290_209501187206661_1925020657094654674_n-1024x576.jpg 1024w, https:\/\/www.donderberg.laeken.brussels\/wp-content\/uploads\/2024\/05\/124045290_209501187206661_1925020657094654674_n-300x169.jpg 300w, https:\/\/www.donderberg.laeken.brussels\/wp-content\/uploads\/2024\/05\/124045290_209501187206661_1925020657094654674_n-2000x1125.jpg 2000w, https:\/\/www.donderberg.laeken.brussels\/wp-content\/uploads\/2024\/05\/124045290_209501187206661_1925020657094654674_n.jpg 2048w\" sizes=\"(max-width: 1024px) 100vw, 1024px\" \/><\/figure>\n<\/div>\n\n\n\n<div class=\"wp-block-column is-vertically-aligned-center is-layout-flow wp-block-column-is-layout-flow\">\n<h4 class=\"wp-block-heading has-medium-font-size\" style=\"text-transform:uppercase\">THE LOCATION<\/h4>\n\n\n\n<p>This is some dummy copy. You\u2019re not really supposed to read this dummy copy, it is just a placeholder for people who need some type to visualize what the actual copy might look like if it were real content.<\/p>\n\n\n\n<div class=\"wp-block-buttons is-layout-flex wp-block-buttons-is-layout-flex\">\n<div class=\"wp-block-button is-style-fill\"><a class=\"wp-block-button__link wp-element-button\" href=\"#\" style=\"border-radius:0px\">D\u00c9COUVREZ ICI<\/a><\/div>\n<\/div>\n<\/div>\n<\/div>\n\n\n\n<div style=\"height:30px\" aria-hidden=\"true\" class=\"wp-block-spacer\"><\/div>\n<\/div>\n<\/div>\n\n\n\n<div class=\"wp-block-group alignfull portfolio-dark has-black-background-color has-background has-global-padding is-layout-constrained wp-block-group-is-layout-constrained\" id=\"portfolio\" style=\"margin-top:0px\">\n<div style=\"height:122px\" aria-hidden=\"true\" class=\"wp-block-spacer\"><\/div>\n\n\n\n<h2 class=\"wp-block-heading has-text-align-left has-white-color has-text-color has-large-font-size\">Our Work<\/h2>\n\n\n\n<div style=\"height:44px\" aria-hidden=\"true\" class=\"wp-block-spacer\"><\/div>\n\n\n\n\n\n<div style=\"height:50px\" aria-hidden=\"true\" class=\"wp-block-spacer\"><\/div>\n<\/div>\n","protected":false},"excerpt":{"rendered":"<p>SAVE DONDERBERG! A Laeken, la Ville s&#8217;apprete \u00e0 battre 155 arbres sains et b\u00e9tonner le site du Donderberg, un site naturel remarquable de 3 hectares dont le quartier a grand besoin pour respirer,&nbsp;Pour installer an \u00e9cole alors que les projections montrent qu&#8217;on n&#8217;en aura PAS besoin LA LOCATION Le Donderberg est situ\u00e9 \u00e0 300m du &hellip; <\/p>\n<p class=\"link-more\"><a href=\"https:\/\/www.donderberg.laeken.brussels\/\" class=\"more-link\">Read more<span class=\"screen-reader-text\"> &#8220;&#8221;<\/span><\/a><\/p>\n","protected":false},"author":2,"featured_media":0,"parent":0,"menu_order":0,"comment_status":"closed","ping_status":"closed","template":"page-templates\/full-width-builder-bb.php","meta":{"footnotes":""},"class_list":["post-7","page","type-page","status-publish","hentry"],"_links":{"self":[{"href":"https:\/\/www.donderberg.laeken.brussels\/index.php\/wp-json\/wp\/v2\/pages\/7","targetHints":{"allow":["GET"]}}],"collection":[{"href":"https:\/\/www.donderberg.laeken.brussels\/index.php\/wp-json\/wp\/v2\/pages"}],"about":[{"href":"https:\/\/www.donderberg.laeken.brussels\/index.php\/wp-json\/wp\/v2\/types\/page"}],"author":[{"embeddable":true,"href":"https:\/\/www.donderberg.laeken.brussels\/index.php\/wp-json\/wp\/v2\/users\/2"}],"replies":[{"embeddable":true,"href":"https:\/\/www.donderberg.laeken.brussels\/index.php\/wp-json\/wp\/v2\/comments?post=7"}],"version-history":[{"count":27,"href":"https:\/\/www.donderberg.laeken.brussels\/index.php\/wp-json\/wp\/v2\/pages\/7\/revisions"}],"predecessor-version":[{"id":200,"href":"https:\/\/www.donderberg.laeken.brussels\/index.php\/wp-json\/wp\/v2\/pages\/7\/revisions\/200"}],"wp:attachment":[{"href":"https:\/\/www.donderberg.laeken.brussels\/index.php\/wp-json\/wp\/v2\/media?parent=7"}],"curies":[{"name":"wp","href":"https:\/\/api.w.org\/{rel}","templated":true}]}}