{"id":55,"date":"2024-05-22T15:05:32","date_gmt":"2024-05-22T15:05:32","guid":{"rendered":"http:\/\/www.donderberg.laeken.brussels\/?page_id=55"},"modified":"2024-05-31T16:55:51","modified_gmt":"2024-05-31T16:55:51","slug":"la-faune-la-flore","status":"publish","type":"page","link":"https:\/\/www.donderberg.laeken.brussels\/index.php\/la-faune-la-flore\/","title":{"rendered":"La faune &#038; la flore"},"content":{"rendered":"\t\t<div data-elementor-type=\"wp-page\" data-elementor-id=\"55\" class=\"elementor elementor-55\">\n\t\t\t\t<div class=\"elementor-element elementor-element-0cca19d e-con-full e-flex elementor-invisible e-con e-parent\" data-id=\"0cca19d\" data-element_type=\"container\" data-settings=\"{&quot;background_background&quot;:&quot;slideshow&quot;,&quot;background_slideshow_gallery&quot;:[{&quot;id&quot;:204,&quot;url&quot;:&quot;http:\\\/\\\/www.donderberg.laeken.brussels\\\/wp-content\\\/uploads\\\/2024\\\/05\\\/farf3-1.jpg&quot;}],&quot;shape_divider_top&quot;:&quot;waves&quot;,&quot;animation&quot;:&quot;fadeIn&quot;,&quot;background_slideshow_loop&quot;:&quot;yes&quot;,&quot;background_slideshow_slide_duration&quot;:5000,&quot;background_slideshow_slide_transition&quot;:&quot;fade&quot;,&quot;background_slideshow_transition_duration&quot;:500}\">\n\t\t\t\t<div class=\"elementor-shape elementor-shape-top\" data-negative=\"false\">\n\t\t\t<svg xmlns=\"http:\/\/www.w3.org\/2000\/svg\" viewBox=\"0 0 1000 100\" preserveAspectRatio=\"none\">\n\t<path class=\"elementor-shape-fill\" d=\"M421.9,6.5c22.6-2.5,51.5,0.4,75.5,5.3c23.6,4.9,70.9,23.5,100.5,35.7c75.8,32.2,133.7,44.5,192.6,49.7\n\tc23.6,2.1,48.7,3.5,103.4-2.5c54.7-6,106.2-25.6,106.2-25.6V0H0v30.3c0,0,72,32.6,158.4,30.5c39.2-0.7,92.8-6.7,134-22.4\n\tc21.2-8.1,52.2-18.2,79.7-24.2C399.3,7.9,411.6,7.5,421.9,6.5z\"\/>\n<\/svg>\t\t<\/div>\n\t\t\t\t<div class=\"elementor-element elementor-element-07a7044 elementor-widget elementor-widget-text-editor\" data-id=\"07a7044\" data-element_type=\"widget\" data-widget_type=\"text-editor.default\">\n\t\t\t\t<div class=\"elementor-widget-container\">\n\t\t\t<style>\/*! elementor - v3.21.0 - 20-05-2024 *\/\n.elementor-widget-text-editor.elementor-drop-cap-view-stacked .elementor-drop-cap{background-color:#69727d;color:#fff}.elementor-widget-text-editor.elementor-drop-cap-view-framed .elementor-drop-cap{color:#69727d;border:3px solid;background-color:transparent}.elementor-widget-text-editor:not(.elementor-drop-cap-view-default) .elementor-drop-cap{margin-top:8px}.elementor-widget-text-editor:not(.elementor-drop-cap-view-default) .elementor-drop-cap-letter{width:1em;height:1em}.elementor-widget-text-editor .elementor-drop-cap{float:left;text-align:center;line-height:1;font-size:50px}.elementor-widget-text-editor .elementor-drop-cap-letter{display:inline-block}<\/style>\t\t\t\t<p>LA NATURE A REPRIS SES DROITS<\/p>\t\t\t\t\t\t<\/div>\n\t\t\t\t<\/div>\n\t\t\t\t<\/div>\n\t\t<div class=\"elementor-element elementor-element-e9d65a5 e-flex e-con-boxed e-con e-parent\" data-id=\"e9d65a5\" data-element_type=\"container\" data-settings=\"{&quot;background_background&quot;:&quot;slideshow&quot;,&quot;background_slideshow_gallery&quot;:[{&quot;id&quot;:67,&quot;url&quot;:&quot;http:\\\/\\\/www.donderberg.laeken.brussels\\\/wp-content\\\/uploads\\\/2024\\\/05\\\/107007094_179159363574177_8911987173805676365_n.jpg&quot;}],&quot;background_slideshow_loop&quot;:&quot;yes&quot;,&quot;background_slideshow_slide_duration&quot;:5000,&quot;background_slideshow_slide_transition&quot;:&quot;fade&quot;,&quot;background_slideshow_transition_duration&quot;:500}\">\n\t\t\t\t\t<div class=\"e-con-inner\">\n\t\t\t\t<div class=\"elementor-element elementor-element-2c75210 elementor-widget elementor-widget-text-editor\" data-id=\"2c75210\" data-element_type=\"widget\" data-widget_type=\"text-editor.default\">\n\t\t\t\t<div class=\"elementor-widget-container\">\n\t\t\t\t\t\t\t<p><strong>La nature a repris ses droits sur le Donderbeg<\/strong>, livr\u00e9 \u00e0 lui-m\u00eame depuis 50 ans, en faisant une petite r\u00e9serve naturelle au coeur d\u2019un quartier inscrit dans le maillage vert de Laeken.<\/p><p>Ce site fait partie d\u2019un \u00e9cosyst\u00e8me plus vaste et abrite notamment des renards, des furets, des batraciens et de nombreuses chauves-souris (comptage de Natagora, \u00e9t\u00e9 2020). Nous n\u2019avons pas identifi\u00e9 tous les oiseaux et sommes preneurs si quelque ornithologue voulait venir nous aider.<\/p><p>Concernant la flore, le site compte plus de 5OO arbres \u00e0 haute tiges dont\u00a0<strong>treize\u00a0<a href=\"https:\/\/sites.heritage.brussels\/index.php?quick_search=donderberg&amp;section=trees&amp;lg=fr\" target=\"_blank\" rel=\"noreferrer noopener\">arbres remarquables<\/a><\/strong> sont repris \u00e0 l\u2019inventaire de la r\u00e9gion bruxelloise (2013).<\/p>\t\t\t\t\t\t<\/div>\n\t\t\t\t<\/div>\n\t\t\t\t\t<\/div>\n\t\t\t\t<\/div>\n\t\t<div class=\"elementor-element elementor-element-45e085f e-flex e-con-boxed e-con e-parent\" data-id=\"45e085f\" data-element_type=\"container\" data-settings=\"{&quot;background_background&quot;:&quot;gradient&quot;}\">\n\t\t\t\t\t<div class=\"e-con-inner\">\n\t\t\t\t<div class=\"elementor-element elementor-element-9e737a9 elementor-invisible elementor-widget elementor-widget-image-gallery\" data-id=\"9e737a9\" data-element_type=\"widget\" data-settings=\"{&quot;_animation&quot;:&quot;fadeIn&quot;}\" data-widget_type=\"image-gallery.default\">\n\t\t\t\t<div class=\"elementor-widget-container\">\n\t\t\t<style>\/*! elementor - v3.21.0 - 20-05-2024 *\/\n.elementor-image-gallery .gallery-item{display:inline-block;text-align:center;vertical-align:top;width:100%;max-width:100%;margin:0 auto}.elementor-image-gallery .gallery-item img{margin:0 auto}.elementor-image-gallery .gallery-item .gallery-caption{margin:0}.elementor-image-gallery figure img{display:block}.elementor-image-gallery figure figcaption{width:100%}.gallery-spacing-custom .elementor-image-gallery .gallery-icon{padding:0}@media (min-width:768px){.elementor-image-gallery .gallery-columns-2 .gallery-item{max-width:50%}.elementor-image-gallery .gallery-columns-3 .gallery-item{max-width:33.33%}.elementor-image-gallery .gallery-columns-4 .gallery-item{max-width:25%}.elementor-image-gallery .gallery-columns-5 .gallery-item{max-width:20%}.elementor-image-gallery .gallery-columns-6 .gallery-item{max-width:16.666%}.elementor-image-gallery .gallery-columns-7 .gallery-item{max-width:14.28%}.elementor-image-gallery .gallery-columns-8 .gallery-item{max-width:12.5%}.elementor-image-gallery .gallery-columns-9 .gallery-item{max-width:11.11%}.elementor-image-gallery .gallery-columns-10 .gallery-item{max-width:10%}}@media (min-width:480px) and (max-width:767px){.elementor-image-gallery .gallery.gallery-columns-2 .gallery-item,.elementor-image-gallery .gallery.gallery-columns-3 .gallery-item,.elementor-image-gallery .gallery.gallery-columns-4 .gallery-item,.elementor-image-gallery .gallery.gallery-columns-5 .gallery-item,.elementor-image-gallery .gallery.gallery-columns-6 .gallery-item,.elementor-image-gallery .gallery.gallery-columns-7 .gallery-item,.elementor-image-gallery .gallery.gallery-columns-8 .gallery-item,.elementor-image-gallery .gallery.gallery-columns-9 .gallery-item,.elementor-image-gallery .gallery.gallery-columns-10 .gallery-item{max-width:50%}}@media (max-width:479px){.elementor-image-gallery .gallery.gallery-columns-2 .gallery-item,.elementor-image-gallery .gallery.gallery-columns-3 .gallery-item,.elementor-image-gallery .gallery.gallery-columns-4 .gallery-item,.elementor-image-gallery .gallery.gallery-columns-5 .gallery-item,.elementor-image-gallery .gallery.gallery-columns-6 .gallery-item,.elementor-image-gallery .gallery.gallery-columns-7 .gallery-item,.elementor-image-gallery .gallery.gallery-columns-8 .gallery-item,.elementor-image-gallery .gallery.gallery-columns-9 .gallery-item,.elementor-image-gallery .gallery.gallery-columns-10 .gallery-item{max-width:100%}}<\/style>\t\t<div class=\"elementor-image-gallery\">\n\t\t\t<div id='gallery-1' class='gallery galleryid-55 gallery-columns-2 gallery-size-large'><figure class='gallery-item'>\n\t\t\t<div class='gallery-icon landscape'>\n\t\t\t\t<a data-elementor-open-lightbox=\"yes\" data-elementor-lightbox-slideshow=\"9e737a9\" data-elementor-lightbox-title=\"rana2\" data-e-action-hash=\"#elementor-action%3Aaction%3Dlightbox%26settings%3DeyJpZCI6MTE3LCJ1cmwiOiJodHRwczpcL1wvd3d3LmRvbmRlcmJlcmcubGFla2VuLmJydXNzZWxzXC93cC1jb250ZW50XC91cGxvYWRzXC8yMDI0XC8wNVwvcmFuYTItMS5qcGciLCJzbGlkZXNob3ciOiI5ZTczN2E5In0%3D\" href='https:\/\/www.donderberg.laeken.brussels\/wp-content\/uploads\/2024\/05\/rana2-1.jpg'><img fetchpriority=\"high\" decoding=\"async\" width=\"950\" height=\"520\" src=\"https:\/\/www.donderberg.laeken.brussels\/wp-content\/uploads\/2024\/05\/rana2-1-1024x561.jpg\" class=\"attachment-large size-large\" alt=\"\" srcset=\"https:\/\/www.donderberg.laeken.brussels\/wp-content\/uploads\/2024\/05\/rana2-1-1024x561.jpg 1024w, https:\/\/www.donderberg.laeken.brussels\/wp-content\/uploads\/2024\/05\/rana2-1-300x164.jpg 300w, https:\/\/www.donderberg.laeken.brussels\/wp-content\/uploads\/2024\/05\/rana2-1.jpg 1961w\" sizes=\"100vw\" \/><\/a>\n\t\t\t<\/div><\/figure><figure class='gallery-item'>\n\t\t\t<div class='gallery-icon landscape'>\n\t\t\t\t<a data-elementor-open-lightbox=\"yes\" data-elementor-lightbox-slideshow=\"9e737a9\" data-elementor-lightbox-title=\"291901373_587586642731445_6380332939244997236_n\" data-e-action-hash=\"#elementor-action%3Aaction%3Dlightbox%26settings%3DeyJpZCI6OTcsInVybCI6Imh0dHBzOlwvXC93d3cuZG9uZGVyYmVyZy5sYWVrZW4uYnJ1c3NlbHNcL3dwLWNvbnRlbnRcL3VwbG9hZHNcLzIwMjRcLzA1XC8yOTE5MDEzNzNfNTg3NTg2NjQyNzMxNDQ1XzYzODAzMzI5MzkyNDQ5OTcyMzZfbi5qcGciLCJzbGlkZXNob3ciOiI5ZTczN2E5In0%3D\" href='https:\/\/www.donderberg.laeken.brussels\/wp-content\/uploads\/2024\/05\/291901373_587586642731445_6380332939244997236_n.jpg'><img decoding=\"async\" width=\"950\" height=\"522\" src=\"https:\/\/www.donderberg.laeken.brussels\/wp-content\/uploads\/2024\/05\/291901373_587586642731445_6380332939244997236_n-1024x563.jpg\" class=\"attachment-large size-large\" alt=\"\" srcset=\"https:\/\/www.donderberg.laeken.brussels\/wp-content\/uploads\/2024\/05\/291901373_587586642731445_6380332939244997236_n-1024x563.jpg 1024w, https:\/\/www.donderberg.laeken.brussels\/wp-content\/uploads\/2024\/05\/291901373_587586642731445_6380332939244997236_n-300x165.jpg 300w, https:\/\/www.donderberg.laeken.brussels\/wp-content\/uploads\/2024\/05\/291901373_587586642731445_6380332939244997236_n.jpg 1388w\" sizes=\"100vw\" \/><\/a>\n\t\t\t<\/div><\/figure><figure class='gallery-item'>\n\t\t\t<div class='gallery-icon landscape'>\n\t\t\t\t<a data-elementor-open-lightbox=\"yes\" data-elementor-lightbox-slideshow=\"9e737a9\" data-elementor-lightbox-title=\"279168542_540505774106199_6040694103737174904_n\" data-e-action-hash=\"#elementor-action%3Aaction%3Dlightbox%26settings%3DeyJpZCI6OTYsInVybCI6Imh0dHBzOlwvXC93d3cuZG9uZGVyYmVyZy5sYWVrZW4uYnJ1c3NlbHNcL3dwLWNvbnRlbnRcL3VwbG9hZHNcLzIwMjRcLzA1XC8yNzkxNjg1NDJfNTQwNTA1Nzc0MTA2MTk5XzYwNDA2OTQxMDM3MzcxNzQ5MDRfbi5qcGciLCJzbGlkZXNob3ciOiI5ZTczN2E5In0%3D\" href='https:\/\/www.donderberg.laeken.brussels\/wp-content\/uploads\/2024\/05\/279168542_540505774106199_6040694103737174904_n.jpg'><img decoding=\"async\" width=\"950\" height=\"534\" src=\"https:\/\/www.donderberg.laeken.brussels\/wp-content\/uploads\/2024\/05\/279168542_540505774106199_6040694103737174904_n-1024x576.jpg\" class=\"attachment-large size-large\" alt=\"\" srcset=\"https:\/\/www.donderberg.laeken.brussels\/wp-content\/uploads\/2024\/05\/279168542_540505774106199_6040694103737174904_n-1024x576.jpg 1024w, https:\/\/www.donderberg.laeken.brussels\/wp-content\/uploads\/2024\/05\/279168542_540505774106199_6040694103737174904_n-300x169.jpg 300w, https:\/\/www.donderberg.laeken.brussels\/wp-content\/uploads\/2024\/05\/279168542_540505774106199_6040694103737174904_n-2000x1125.jpg 2000w, https:\/\/www.donderberg.laeken.brussels\/wp-content\/uploads\/2024\/05\/279168542_540505774106199_6040694103737174904_n.jpg 2048w\" sizes=\"100vw\" \/><\/a>\n\t\t\t<\/div><\/figure><figure class='gallery-item'>\n\t\t\t<div class='gallery-icon landscape'>\n\t\t\t\t<a data-elementor-open-lightbox=\"yes\" data-elementor-lightbox-slideshow=\"9e737a9\" data-elementor-lightbox-title=\"79202300_10220282085512404_5054115796498776064_n-768x512 (1)\" data-e-action-hash=\"#elementor-action%3Aaction%3Dlightbox%26settings%3DeyJpZCI6MjQ1LCJ1cmwiOiJodHRwczpcL1wvd3d3LmRvbmRlcmJlcmcubGFla2VuLmJydXNzZWxzXC93cC1jb250ZW50XC91cGxvYWRzXC8yMDI0XC8wNVwvNzkyMDIzMDBfMTAyMjAyODIwODU1MTI0MDRfNTA1NDExNTc5NjQ5ODc3NjA2NF9uLTc2OHg1MTItMS5qcGciLCJzbGlkZXNob3ciOiI5ZTczN2E5In0%3D\" href='https:\/\/www.donderberg.laeken.brussels\/wp-content\/uploads\/2024\/05\/79202300_10220282085512404_5054115796498776064_n-768x512-1.jpg'><img loading=\"lazy\" decoding=\"async\" width=\"768\" height=\"512\" src=\"https:\/\/www.donderberg.laeken.brussels\/wp-content\/uploads\/2024\/05\/79202300_10220282085512404_5054115796498776064_n-768x512-1.jpg\" class=\"attachment-large size-large\" alt=\"\" srcset=\"https:\/\/www.donderberg.laeken.brussels\/wp-content\/uploads\/2024\/05\/79202300_10220282085512404_5054115796498776064_n-768x512-1.jpg 768w, https:\/\/www.donderberg.laeken.brussels\/wp-content\/uploads\/2024\/05\/79202300_10220282085512404_5054115796498776064_n-768x512-1-300x200.jpg 300w\" sizes=\"100vw\" \/><\/a>\n\t\t\t<\/div><\/figure><figure class='gallery-item'>\n\t\t\t<div class='gallery-icon landscape'>\n\t\t\t\t<a data-elementor-open-lightbox=\"yes\" data-elementor-lightbox-slideshow=\"9e737a9\" data-elementor-lightbox-title=\"fungo\" data-e-action-hash=\"#elementor-action%3Aaction%3Dlightbox%26settings%3DeyJpZCI6MjQ3LCJ1cmwiOiJodHRwczpcL1wvd3d3LmRvbmRlcmJlcmcubGFla2VuLmJydXNzZWxzXC93cC1jb250ZW50XC91cGxvYWRzXC8yMDI0XC8wNVwvZnVuZ28uanBnIiwic2xpZGVzaG93IjoiOWU3MzdhOSJ9\" href='https:\/\/www.donderberg.laeken.brussels\/wp-content\/uploads\/2024\/05\/fungo.jpg'><img loading=\"lazy\" decoding=\"async\" width=\"950\" height=\"502\" src=\"https:\/\/www.donderberg.laeken.brussels\/wp-content\/uploads\/2024\/05\/fungo-1024x541.jpg\" class=\"attachment-large size-large\" alt=\"\" srcset=\"https:\/\/www.donderberg.laeken.brussels\/wp-content\/uploads\/2024\/05\/fungo-1024x541.jpg 1024w, https:\/\/www.donderberg.laeken.brussels\/wp-content\/uploads\/2024\/05\/fungo-300x158.jpg 300w, https:\/\/www.donderberg.laeken.brussels\/wp-content\/uploads\/2024\/05\/fungo-2000x1056.jpg 2000w, https:\/\/www.donderberg.laeken.brussels\/wp-content\/uploads\/2024\/05\/fungo.jpg 2048w\" sizes=\"100vw\" \/><\/a>\n\t\t\t<\/div><\/figure><figure class='gallery-item'>\n\t\t\t<div class='gallery-icon landscape'>\n\t\t\t\t<a data-elementor-open-lightbox=\"yes\" data-elementor-lightbox-slideshow=\"9e737a9\" data-elementor-lightbox-title=\"79530333_106617730828341_6044023951984689152_n\" data-e-action-hash=\"#elementor-action%3Aaction%3Dlightbox%26settings%3DeyJpZCI6OTIsInVybCI6Imh0dHBzOlwvXC93d3cuZG9uZGVyYmVyZy5sYWVrZW4uYnJ1c3NlbHNcL3dwLWNvbnRlbnRcL3VwbG9hZHNcLzIwMjRcLzA1XC83OTUzMDMzM18xMDY2MTc3MzA4MjgzNDFfNjA0NDAyMzk1MTk4NDY4OTE1Ml9uLmpwZyIsInNsaWRlc2hvdyI6IjllNzM3YTkifQ%3D%3D\" href='https:\/\/www.donderberg.laeken.brussels\/wp-content\/uploads\/2024\/05\/79530333_106617730828341_6044023951984689152_n.jpg'><img loading=\"lazy\" decoding=\"async\" width=\"950\" height=\"635\" src=\"https:\/\/www.donderberg.laeken.brussels\/wp-content\/uploads\/2024\/05\/79530333_106617730828341_6044023951984689152_n-1024x684.jpg\" class=\"attachment-large size-large\" alt=\"\" srcset=\"https:\/\/www.donderberg.laeken.brussels\/wp-content\/uploads\/2024\/05\/79530333_106617730828341_6044023951984689152_n-1024x684.jpg 1024w, https:\/\/www.donderberg.laeken.brussels\/wp-content\/uploads\/2024\/05\/79530333_106617730828341_6044023951984689152_n-300x200.jpg 300w, https:\/\/www.donderberg.laeken.brussels\/wp-content\/uploads\/2024\/05\/79530333_106617730828341_6044023951984689152_n.jpg 1760w\" sizes=\"100vw\" \/><\/a>\n\t\t\t<\/div><\/figure>\n\t\t<\/div>\n\t\t<\/div>\n\t\t\t\t<\/div>\n\t\t\t\t<\/div>\n\t\t\t\t\t<\/div>\n\t\t\t\t<\/div>\n\t\t\t\t<\/div>\n\t\t","protected":false},"excerpt":{"rendered":"<p>LA NATURE A REPRIS SES DROITS La nature a repris ses droits sur le Donderbeg, livr\u00e9 \u00e0 lui-m\u00eame depuis 50 ans, en faisant une petite r\u00e9serve naturelle au coeur d\u2019un quartier inscrit dans le maillage vert de Laeken. Ce site fait partie d\u2019un \u00e9cosyst\u00e8me plus vaste et abrite notamment des renards, des furets, des batraciens &hellip; <\/p>\n<p class=\"link-more\"><a href=\"https:\/\/www.donderberg.laeken.brussels\/index.php\/la-faune-la-flore\/\" class=\"more-link\">Read more<span class=\"screen-reader-text\"> &#8220;La faune &#038; la flore&#8221;<\/span><\/a><\/p>\n","protected":false},"author":2,"featured_media":0,"parent":0,"menu_order":0,"comment_status":"closed","ping_status":"closed","template":"","meta":{"footnotes":""},"class_list":["post-55","page","type-page","status-publish","hentry"],"_links":{"self":[{"href":"https:\/\/www.donderberg.laeken.brussels\/index.php\/wp-json\/wp\/v2\/pages\/55","targetHints":{"allow":["GET"]}}],"collection":[{"href":"https:\/\/www.donderberg.laeken.brussels\/index.php\/wp-json\/wp\/v2\/pages"}],"about":[{"href":"https:\/\/www.donderberg.laeken.brussels\/index.php\/wp-json\/wp\/v2\/types\/page"}],"author":[{"embeddable":true,"href":"https:\/\/www.donderberg.laeken.brussels\/index.php\/wp-json\/wp\/v2\/users\/2"}],"replies":[{"embeddable":true,"href":"https:\/\/www.donderberg.laeken.brussels\/index.php\/wp-json\/wp\/v2\/comments?post=55"}],"version-history":[{"count":17,"href":"https:\/\/www.donderberg.laeken.brussels\/index.php\/wp-json\/wp\/v2\/pages\/55\/revisions"}],"predecessor-version":[{"id":274,"href":"https:\/\/www.donderberg.laeken.brussels\/index.php\/wp-json\/wp\/v2\/pages\/55\/revisions\/274"}],"wp:attachment":[{"href":"https:\/\/www.donderberg.laeken.brussels\/index.php\/wp-json\/wp\/v2\/media?parent=55"}],"curies":[{"name":"wp","href":"https:\/\/api.w.org\/{rel}","templated":true}]}}