{"id":54,"date":"2024-05-22T15:05:32","date_gmt":"2024-05-22T15:05:32","guid":{"rendered":"http:\/\/www.donderberg.laeken.brussels\/?page_id=54"},"modified":"2024-05-26T14:12:14","modified_gmt":"2024-05-26T14:12:14","slug":"projet-alternatif-verteux","status":"publish","type":"page","link":"https:\/\/www.donderberg.laeken.brussels\/index.php\/projet-alternatif-verteux\/","title":{"rendered":"Projet alternatif verteux"},"content":{"rendered":"\t\t<div data-elementor-type=\"wp-page\" data-elementor-id=\"54\" class=\"elementor elementor-54\">\n\t\t\t\t<div class=\"elementor-element elementor-element-a9badf9 e-flex e-con-boxed e-con e-parent\" data-id=\"a9badf9\" data-element_type=\"container\">\n\t\t\t\t\t<div class=\"e-con-inner\">\n\t\t<div class=\"elementor-element elementor-element-046c812 e-con-full e-flex e-con e-child\" data-id=\"046c812\" data-element_type=\"container\">\n\t\t\t\t<div class=\"elementor-element elementor-element-32d83d7 elementor-widget__width-initial elementor-widget elementor-widget-text-editor\" data-id=\"32d83d7\" data-element_type=\"widget\" data-widget_type=\"text-editor.default\">\n\t\t\t\t<div class=\"elementor-widget-container\">\n\t\t\t<style>\/*! elementor - v3.21.0 - 20-05-2024 *\/\n.elementor-widget-text-editor.elementor-drop-cap-view-stacked .elementor-drop-cap{background-color:#69727d;color:#fff}.elementor-widget-text-editor.elementor-drop-cap-view-framed .elementor-drop-cap{color:#69727d;border:3px solid;background-color:transparent}.elementor-widget-text-editor:not(.elementor-drop-cap-view-default) .elementor-drop-cap{margin-top:8px}.elementor-widget-text-editor:not(.elementor-drop-cap-view-default) .elementor-drop-cap-letter{width:1em;height:1em}.elementor-widget-text-editor .elementor-drop-cap{float:left;text-align:center;line-height:1;font-size:50px}.elementor-widget-text-editor .elementor-drop-cap-letter{display:inline-block}<\/style>\t\t\t\t<p>La r\u00e9gion de Bruxelles-Capitale a d\u00e9velopp\u00e9 en 2014 un projet dans le cadre du maillage vert.&nbsp;<\/p>\n<p>Ce projet est en phase avec les aspirations des riverains, la pr\u00e9servation du site et l&#8217;ouverture du site au quartier.<\/p>\n<p><!-- \/wp:paragraph --><!-- wp:paragraph --><\/p>\n<p><!-- \/wp:paragraph --><!-- wp:paragraph --><\/p>\n<p>Les objectifs de l\u2019am\u00e9nagement cibl\u00e9s par l&#8217;\u00e9tude sont :<\/p>\n<p><!-- \/wp:paragraph --><!-- wp:paragraph --><\/p>\n<p><strong>&#8211; La cr\u00e9ation d\u2019une connexion au Sud des Jardins du Fleuriste via le &#8220;Clos des Perruches&#8221; ( <\/strong>NDLR = Donderberg)<\/p>\n<p><!-- \/wp:paragraph --><!-- wp:paragraph --><\/p>\n<p><strong>&#8211; La r\u00e9novation des serres \u00e0 l\u2019abandon sur le site de Bruxelles -Environnement de sorte \u00e0 les rendre partiellement accessibles au public <\/strong><\/p>\n<p><!-- \/wp:paragraph --><!-- wp:paragraph --><\/p>\n<p><strong>&#8211; La sauvegarde et la transformation d\u2019une partie du terrain &#8220;Clos des perruches&#8221; (NDLR : Donderberg), actuellement en friche, en un agr\u00e9able espace vert<\/strong><\/p><p><span style=\"color: rgb(51, 51, 51); font-family: &quot;Libre Franklin&quot;, &quot;Helvetica Neue&quot;, helvetica, arial, sans-serif;\">Ces informations sont tir\u00e9es de l\u2019\u00e9tude de la R\u00e9gion.<\/span><strong><br><\/strong><\/p>\t\t\t\t\t\t<\/div>\n\t\t\t\t<\/div>\n\t\t\t\t<\/div>\n\t\t<div class=\"elementor-element elementor-element-96a4047 e-con-full e-flex e-con e-child\" data-id=\"96a4047\" data-element_type=\"container\">\n\t\t<div class=\"elementor-element elementor-element-c09512a e-flex e-con-boxed e-con e-child\" data-id=\"c09512a\" data-element_type=\"container\">\n\t\t\t\t\t<div class=\"e-con-inner\">\n\t\t\t\t<div class=\"elementor-element elementor-element-0e4b976 elementor-widget elementor-widget-image\" data-id=\"0e4b976\" data-element_type=\"widget\" data-widget_type=\"image.default\">\n\t\t\t\t<div class=\"elementor-widget-container\">\n\t\t\t<style>\/*! elementor - v3.21.0 - 20-05-2024 *\/\n.elementor-widget-image{text-align:center}.elementor-widget-image a{display:inline-block}.elementor-widget-image a img[src$=\".svg\"]{width:48px}.elementor-widget-image img{vertical-align:middle;display:inline-block}<\/style>\t\t\t\t\t\t\t\t\t\t<img fetchpriority=\"high\" decoding=\"async\" width=\"768\" height=\"508\" src=\"https:\/\/www.donderberg.laeken.brussels\/wp-content\/uploads\/2024\/05\/dong1.png\" class=\"attachment-medium_large size-medium_large wp-image-131\" alt=\"\" srcset=\"https:\/\/www.donderberg.laeken.brussels\/wp-content\/uploads\/2024\/05\/dong1.png 768w, https:\/\/www.donderberg.laeken.brussels\/wp-content\/uploads\/2024\/05\/dong1-300x198.png 300w\" sizes=\"100vw\" \/>\t\t\t\t\t\t\t\t\t\t\t\t\t<\/div>\n\t\t\t\t<\/div>\n\t\t\t\t\t<\/div>\n\t\t\t\t<\/div>\n\t\t<div class=\"elementor-element elementor-element-970a738 e-flex e-con-boxed e-con e-child\" data-id=\"970a738\" data-element_type=\"container\">\n\t\t\t\t\t<div class=\"e-con-inner\">\n\t\t\t\t<div class=\"elementor-element elementor-element-6fd5cdd elementor-widget elementor-widget-image\" data-id=\"6fd5cdd\" data-element_type=\"widget\" data-widget_type=\"image.default\">\n\t\t\t\t<div class=\"elementor-widget-container\">\n\t\t\t\t\t\t\t\t\t\t\t\t\t<img decoding=\"async\" width=\"768\" height=\"413\" src=\"https:\/\/www.donderberg.laeken.brussels\/wp-content\/uploads\/2024\/05\/dong2.png\" class=\"attachment-medium_large size-medium_large wp-image-130\" alt=\"\" srcset=\"https:\/\/www.donderberg.laeken.brussels\/wp-content\/uploads\/2024\/05\/dong2.png 768w, https:\/\/www.donderberg.laeken.brussels\/wp-content\/uploads\/2024\/05\/dong2-300x161.png 300w\" sizes=\"100vw\" \/>\t\t\t\t\t\t\t\t\t\t\t\t\t<\/div>\n\t\t\t\t<\/div>\n\t\t\t\t\t<\/div>\n\t\t\t\t<\/div>\n\t\t\t\t<\/div>\n\t\t\t\t\t<\/div>\n\t\t\t\t<\/div>\n\t\t<div class=\"elementor-element elementor-element-92b7bd7 e-con-full e-flex e-con e-parent\" data-id=\"92b7bd7\" data-element_type=\"container\" data-settings=\"{&quot;background_background&quot;:&quot;slideshow&quot;,&quot;background_slideshow_gallery&quot;:[{&quot;id&quot;:96,&quot;url&quot;:&quot;http:\\\/\\\/www.donderberg.laeken.brussels\\\/wp-content\\\/uploads\\\/2024\\\/05\\\/279168542_540505774106199_6040694103737174904_n.jpg&quot;}],&quot;background_slideshow_loop&quot;:&quot;yes&quot;,&quot;background_slideshow_slide_duration&quot;:5000,&quot;background_slideshow_slide_transition&quot;:&quot;fade&quot;,&quot;background_slideshow_transition_duration&quot;:500}\">\n\t\t\t\t<div class=\"elementor-element elementor-element-8f60b47 elementor-align-center e-transform elementor-invisible elementor-widget elementor-widget-button\" data-id=\"8f60b47\" data-element_type=\"widget\" data-settings=\"{&quot;_animation&quot;:&quot;fadeIn&quot;,&quot;_transform_scale_effect&quot;:{&quot;unit&quot;:&quot;px&quot;,&quot;size&quot;:1.5,&quot;sizes&quot;:[]},&quot;_transform_scale_effect_tablet&quot;:{&quot;unit&quot;:&quot;px&quot;,&quot;size&quot;:&quot;&quot;,&quot;sizes&quot;:[]},&quot;_transform_scale_effect_mobile&quot;:{&quot;unit&quot;:&quot;px&quot;,&quot;size&quot;:&quot;&quot;,&quot;sizes&quot;:[]}}\" data-widget_type=\"button.default\">\n\t\t\t\t<div class=\"elementor-widget-container\">\n\t\t\t\t\t<div class=\"elementor-button-wrapper\">\n\t\t\t<a class=\"elementor-button elementor-button-link elementor-size-sm\" href=\"\">\n\t\t\t\t\t\t<span class=\"elementor-button-content-wrapper\">\n\t\t\t\t\t\t\t\t\t<span class=\"elementor-button-text\">L\u2019Etude de la R\u00e9gion<\/span>\n\t\t\t\t\t<\/span>\n\t\t\t\t\t<\/a>\n\t\t<\/div>\n\t\t\t\t<\/div>\n\t\t\t\t<\/div>\n\t\t\t\t<\/div>\n\t\t\t\t<\/div>\n\t\t","protected":false},"excerpt":{"rendered":"<p>La r\u00e9gion de Bruxelles-Capitale a d\u00e9velopp\u00e9 en 2014 un projet dans le cadre du maillage vert.&nbsp; Ce projet est en phase avec les aspirations des riverains, la pr\u00e9servation du site et l&#8217;ouverture du site au quartier. Les objectifs de l\u2019am\u00e9nagement cibl\u00e9s par l&#8217;\u00e9tude sont : &#8211; La cr\u00e9ation d\u2019une connexion au Sud des Jardins du &hellip; <\/p>\n<p class=\"link-more\"><a href=\"https:\/\/www.donderberg.laeken.brussels\/index.php\/projet-alternatif-verteux\/\" class=\"more-link\">Read more<span class=\"screen-reader-text\"> &#8220;Projet alternatif verteux&#8221;<\/span><\/a><\/p>\n","protected":false},"author":2,"featured_media":0,"parent":0,"menu_order":0,"comment_status":"closed","ping_status":"closed","template":"","meta":{"footnotes":""},"class_list":["post-54","page","type-page","status-publish","hentry"],"_links":{"self":[{"href":"https:\/\/www.donderberg.laeken.brussels\/index.php\/wp-json\/wp\/v2\/pages\/54","targetHints":{"allow":["GET"]}}],"collection":[{"href":"https:\/\/www.donderberg.laeken.brussels\/index.php\/wp-json\/wp\/v2\/pages"}],"about":[{"href":"https:\/\/www.donderberg.laeken.brussels\/index.php\/wp-json\/wp\/v2\/types\/page"}],"author":[{"embeddable":true,"href":"https:\/\/www.donderberg.laeken.brussels\/index.php\/wp-json\/wp\/v2\/users\/2"}],"replies":[{"embeddable":true,"href":"https:\/\/www.donderberg.laeken.brussels\/index.php\/wp-json\/wp\/v2\/comments?post=54"}],"version-history":[{"count":10,"href":"https:\/\/www.donderberg.laeken.brussels\/index.php\/wp-json\/wp\/v2\/pages\/54\/revisions"}],"predecessor-version":[{"id":135,"href":"https:\/\/www.donderberg.laeken.brussels\/index.php\/wp-json\/wp\/v2\/pages\/54\/revisions\/135"}],"wp:attachment":[{"href":"https:\/\/www.donderberg.laeken.brussels\/index.php\/wp-json\/wp\/v2\/media?parent=54"}],"curies":[{"name":"wp","href":"https:\/\/api.w.org\/{rel}","templated":true}]}}