{"id":52,"date":"2024-05-22T15:05:32","date_gmt":"2024-05-22T15:05:32","guid":{"rendered":"http:\/\/www.donderberg.laeken.brussels\/?page_id=52"},"modified":"2024-05-31T09:29:16","modified_gmt":"2024-05-31T09:29:16","slug":"nos-demandes","status":"publish","type":"page","link":"https:\/\/www.donderberg.laeken.brussels\/index.php\/nos-demandes\/","title":{"rendered":"Nos Demandes"},"content":{"rendered":"\t\t<div data-elementor-type=\"wp-page\" data-elementor-id=\"52\" class=\"elementor elementor-52\">\n\t\t\t\t<div class=\"elementor-element elementor-element-73b87d0 e-flex e-con-boxed e-con e-parent\" data-id=\"73b87d0\" data-element_type=\"container\">\n\t\t\t\t\t<div class=\"e-con-inner\">\n\t\t\t\t<div class=\"elementor-element elementor-element-4284ae8 elementor-widget elementor-widget-text-editor\" data-id=\"4284ae8\" data-element_type=\"widget\" data-widget_type=\"text-editor.default\">\n\t\t\t\t<div class=\"elementor-widget-container\">\n\t\t\t<style>\/*! elementor - v3.21.0 - 20-05-2024 *\/\n.elementor-widget-text-editor.elementor-drop-cap-view-stacked .elementor-drop-cap{background-color:#69727d;color:#fff}.elementor-widget-text-editor.elementor-drop-cap-view-framed .elementor-drop-cap{color:#69727d;border:3px solid;background-color:transparent}.elementor-widget-text-editor:not(.elementor-drop-cap-view-default) .elementor-drop-cap{margin-top:8px}.elementor-widget-text-editor:not(.elementor-drop-cap-view-default) .elementor-drop-cap-letter{width:1em;height:1em}.elementor-widget-text-editor .elementor-drop-cap{float:left;text-align:center;line-height:1;font-size:50px}.elementor-widget-text-editor .elementor-drop-cap-letter{display:inline-block}<\/style>\t\t\t\t<h2 class=\"wp-block-heading\">P\u00e9tition pour modification du PRAS<\/h2><p><a href=\"http:\/\/www.laeken.brussels\/\">Laeken.Brussels asbl<\/a>\u00a0et les habitants ont lanc\u00e9 une p\u00e9tition pour assurer la sauvegarde du Donderberg comme zone naturelle, de surcro\u00eet d\u2019int\u00e9r\u00eat patrimonial ; pour ce faire un changement d\u2019affectation du sol au plan r\u00e9gional \u2013 ou PRAS \u2013 est n\u00e9cessaire.<\/p><p>Signez et partagez notre p\u00e9tition :<a href=\"https:\/\/www.change.org\/p\/la-ville-de-bruxelles-save-donderberg-sauvons-l-espace-vert-du-donderberg\" target=\"_blank\" rel=\"noreferrer noopener\">\u00a0https:\/\/www.change.org\/p\/la-ville-de-bruxelles-save-donderberg-sauvons-l-espace-vert-du-donderberg<\/a><\/p><h2 class=\"wp-block-heading\">Projets alternatifs<\/h2><p>Depuis des ann\u00e9es, le quartier n\u2019est pas en manque d\u2019initiatives concernant le devenir du Donderberg. Ses propositions aux divers appels \u00e0 projet de la Ville de ces derni\u00e8res ann\u00e9es ont cependant syst\u00e9matiquement \u00e9t\u00e9 \u00e9cart\u00e9es.<\/p><p>Potager royal (2012)<\/p><p>Les Jardins d\u2019\u00c9mile (2018)<\/p><p>Projet HOPE (2019)<\/p><p><a href=\"http:\/\/savedonderberg.laeken.brussels\/index.php\/projet-alternatif\/\">Parcours \/Promenade Voies lentes<\/a><\/p><h2 class=\"wp-block-heading\">Demandes \u00e9t\u00e9 2020<\/h2><p><a href=\"http:\/\/savedonderberg.laeken.brussels\/index.php\/demandes-pour-lete-2020\/\">Ouverture aux promeneurs de l\u2019all\u00e9e plant\u00e9e du Donderberg pour la dur\u00e9e de l\u2019\u00e9t\u00e9\u00a0<\/a>et acc\u00e8s aux chemins vicinaux : nous n\u2019avons pas re\u00e7u de r\u00e9ponse des \u00e9chevins.<\/p><p><a href=\"http:\/\/savedonderberg.laeken.brussels\/index.php\/communique-de-presse-juillet-2020\/\">F\u00eate du\u00a0<em>Donderberg d\u00e9confin\u00e9<\/em>\u00a0<\/a>et cueillette des m\u00fbres : un seul des quatre cabinets \u00e9chevinaux contact\u00e9s a r\u00e9agi \u00e0 notre demande, mais hors d\u00e9lai, nous emp\u00eachant d\u2019organiser cette f\u00eate de quartier.<\/p>\t\t\t\t\t\t<\/div>\n\t\t\t\t<\/div>\n\t\t\t\t\t<\/div>\n\t\t\t\t<\/div>\n\t\t\t\t<\/div>\n\t\t","protected":false},"excerpt":{"rendered":"<p>P\u00e9tition pour modification du PRAS Laeken.Brussels asbl\u00a0et les habitants ont lanc\u00e9 une p\u00e9tition pour assurer la sauvegarde du Donderberg comme zone naturelle, de surcro\u00eet d\u2019int\u00e9r\u00eat patrimonial ; pour ce faire un changement d\u2019affectation du sol au plan r\u00e9gional \u2013 ou PRAS \u2013 est n\u00e9cessaire. Signez et partagez notre p\u00e9tition :\u00a0https:\/\/www.change.org\/p\/la-ville-de-bruxelles-save-donderberg-sauvons-l-espace-vert-du-donderberg Projets alternatifs Depuis des ann\u00e9es, &hellip; <\/p>\n<p class=\"link-more\"><a href=\"https:\/\/www.donderberg.laeken.brussels\/index.php\/nos-demandes\/\" class=\"more-link\">Read more<span class=\"screen-reader-text\"> &#8220;Nos Demandes&#8221;<\/span><\/a><\/p>\n","protected":false},"author":2,"featured_media":0,"parent":0,"menu_order":0,"comment_status":"closed","ping_status":"closed","template":"","meta":{"footnotes":""},"class_list":["post-52","page","type-page","status-publish","hentry"],"_links":{"self":[{"href":"https:\/\/www.donderberg.laeken.brussels\/index.php\/wp-json\/wp\/v2\/pages\/52","targetHints":{"allow":["GET"]}}],"collection":[{"href":"https:\/\/www.donderberg.laeken.brussels\/index.php\/wp-json\/wp\/v2\/pages"}],"about":[{"href":"https:\/\/www.donderberg.laeken.brussels\/index.php\/wp-json\/wp\/v2\/types\/page"}],"author":[{"embeddable":true,"href":"https:\/\/www.donderberg.laeken.brussels\/index.php\/wp-json\/wp\/v2\/users\/2"}],"replies":[{"embeddable":true,"href":"https:\/\/www.donderberg.laeken.brussels\/index.php\/wp-json\/wp\/v2\/comments?post=52"}],"version-history":[{"count":4,"href":"https:\/\/www.donderberg.laeken.brussels\/index.php\/wp-json\/wp\/v2\/pages\/52\/revisions"}],"predecessor-version":[{"id":268,"href":"https:\/\/www.donderberg.laeken.brussels\/index.php\/wp-json\/wp\/v2\/pages\/52\/revisions\/268"}],"wp:attachment":[{"href":"https:\/\/www.donderberg.laeken.brussels\/index.php\/wp-json\/wp\/v2\/media?parent=52"}],"curies":[{"name":"wp","href":"https:\/\/api.w.org\/{rel}","templated":true}]}}