{"id":50,"date":"2024-05-22T15:05:32","date_gmt":"2024-05-22T15:05:32","guid":{"rendered":"http:\/\/www.donderberg.laeken.brussels\/?page_id=50"},"modified":"2024-05-23T15:39:55","modified_gmt":"2024-05-23T15:39:55","slug":"hop-project","status":"publish","type":"page","link":"https:\/\/www.donderberg.laeken.brussels\/index.php\/hop-project\/","title":{"rendered":"HOP project"},"content":{"rendered":"\t\t<div data-elementor-type=\"wp-page\" data-elementor-id=\"50\" class=\"elementor elementor-50\">\n\t\t\t\t<div class=\"elementor-element elementor-element-6616e0d e-con-full e-flex e-con e-parent\" data-id=\"6616e0d\" data-element_type=\"container\">\n\t\t\t\t<div class=\"elementor-element elementor-element-abfada5 elementor-widget elementor-widget-text-editor\" data-id=\"abfada5\" data-element_type=\"widget\" data-widget_type=\"text-editor.default\">\n\t\t\t\t<div class=\"elementor-widget-container\">\n\t\t\t<style>\/*! elementor - v3.21.0 - 20-05-2024 *\/\n.elementor-widget-text-editor.elementor-drop-cap-view-stacked .elementor-drop-cap{background-color:#69727d;color:#fff}.elementor-widget-text-editor.elementor-drop-cap-view-framed .elementor-drop-cap{color:#69727d;border:3px solid;background-color:transparent}.elementor-widget-text-editor:not(.elementor-drop-cap-view-default) .elementor-drop-cap{margin-top:8px}.elementor-widget-text-editor:not(.elementor-drop-cap-view-default) .elementor-drop-cap-letter{width:1em;height:1em}.elementor-widget-text-editor .elementor-drop-cap{float:left;text-align:center;line-height:1;font-size:50px}.elementor-widget-text-editor .elementor-drop-cap-letter{display:inline-block}<\/style>\t\t\t\t<p>D\u00e9but f\u00e9vrier 2022 la Ville publie son projet HOP5 , la cinqui\u00e8me mouture de son projet sur le site remarquable du Donderberg. Ce projet est similaire au projet\u00a0<a href=\"http:\/\/savedonderberg.laeken.brussels\/index.php\/dossier-enquete-publique-ecole-hop4-2021\/\" target=\"_blank\" rel=\"noreferrer noopener\">HOP4<\/a>.<\/p>\t\t\t\t\t\t<\/div>\n\t\t\t\t<\/div>\n\t\t\t\t<\/div>\n\t\t<div class=\"elementor-element elementor-element-bde1922 e-flex e-con-boxed e-con e-parent\" data-id=\"bde1922\" data-element_type=\"container\">\n\t\t\t\t\t<div class=\"e-con-inner\">\n\t\t<div class=\"elementor-element elementor-element-54513aa e-con-full e-flex e-con e-child\" data-id=\"54513aa\" data-element_type=\"container\">\n\t\t\t\t<div class=\"elementor-element elementor-element-1359956 elementor-widget elementor-widget-text-editor\" data-id=\"1359956\" data-element_type=\"widget\" data-widget_type=\"text-editor.default\">\n\t\t\t\t<div class=\"elementor-widget-container\">\n\t\t\t\t\t\t\t<p>Le projet pr\u00e9voit la construction sur le site d\u2019une \u00e9cole fondamentale de 672 places (sans en d\u00e9montrer la n\u00e9cessit\u00e9), une salle de sport (qui accueillera sur son toit une des cours de r\u00e9cr\u00e9ation) ainsi que 8 logements et un rez commercial (profession lib\u00e9rale) en lisi\u00e8re de site.<\/p><p>La question du besoin d\u2019une \u00e9cole fondamentale suppl\u00e9mentaire est de plus en plus difficile \u00e0 d\u00e9fendre : en effet, l\u2019IBSA pr\u00e9voit une baisse de 15 000 \u00e9l\u00e8ves dans les \u00e9coles fondamentales de la r\u00e9gion d\u2019ici 2030. Et la Ville planifie, par ailleurs, la r\u00e9novation totale d\u2019une autre \u00e9cole : l\u2019\u00e9cole Droomboom, \u00e0 Bockstael, avec la cr\u00e9ation de 400 places suppl\u00e9mentaires ( enseignement fondamental NL). Or il y a d\u00e9j\u00e0 aujourd\u2019hui des places libres dans les \u00e9coles du quartier Houba !\u00a0<a href=\"http:\/\/savedonderberg.laeken.brussels\/index.php\/demographie\/\"><em>Plus d\u2019informations sur la question des besoins scolaires<\/em><\/a><\/p>\t\t\t\t\t\t<\/div>\n\t\t\t\t<\/div>\n\t\t\t\t<\/div>\n\t\t<div class=\"elementor-element elementor-element-0ddb77c e-con-full e-flex e-con e-child\" data-id=\"0ddb77c\" data-element_type=\"container\">\n\t\t\t\t<div class=\"elementor-element elementor-element-e0783c7 elementor-widget elementor-widget-image\" data-id=\"e0783c7\" data-element_type=\"widget\" data-widget_type=\"image.default\">\n\t\t\t\t<div class=\"elementor-widget-container\">\n\t\t\t<style>\/*! elementor - v3.21.0 - 20-05-2024 *\/\n.elementor-widget-image{text-align:center}.elementor-widget-image a{display:inline-block}.elementor-widget-image a img[src$=\".svg\"]{width:48px}.elementor-widget-image img{vertical-align:middle;display:inline-block}<\/style>\t\t\t\t\t\t\t\t\t\t<img fetchpriority=\"high\" decoding=\"async\" width=\"950\" height=\"570\" src=\"https:\/\/www.donderberg.laeken.brussels\/wp-content\/uploads\/2024\/05\/cropped-plan_implantation_hop4-1-1024x614.png\" class=\"attachment-large size-large wp-image-103\" alt=\"\" srcset=\"https:\/\/www.donderberg.laeken.brussels\/wp-content\/uploads\/2024\/05\/cropped-plan_implantation_hop4-1-1024x614.png 1024w, https:\/\/www.donderberg.laeken.brussels\/wp-content\/uploads\/2024\/05\/cropped-plan_implantation_hop4-1-300x180.png 300w, https:\/\/www.donderberg.laeken.brussels\/wp-content\/uploads\/2024\/05\/cropped-plan_implantation_hop4-1-1536x922.png 1536w, https:\/\/www.donderberg.laeken.brussels\/wp-content\/uploads\/2024\/05\/cropped-plan_implantation_hop4-1.png 2000w\" sizes=\"100vw\" \/>\t\t\t\t\t\t\t\t\t\t\t\t\t<\/div>\n\t\t\t\t<\/div>\n\t\t\t\t<\/div>\n\t\t\t\t\t<\/div>\n\t\t\t\t<\/div>\n\t\t<div class=\"elementor-element elementor-element-0eb2e6c e-con-full e-flex e-con e-parent\" data-id=\"0eb2e6c\" data-element_type=\"container\">\n\t\t\t\t<div class=\"elementor-element elementor-element-befb584 elementor-widget elementor-widget-text-editor\" data-id=\"befb584\" data-element_type=\"widget\" data-widget_type=\"text-editor.default\">\n\t\t\t\t<div class=\"elementor-widget-container\">\n\t\t\t\t\t\t\t<p><strong>Le projet pr\u00e9voit toujours l\u2019abattage de 171 arbres<\/strong>\u00a0\u00e0 haute tige, l\u2019imperm\u00e9abilisation de 9300m\u00b2 de sol (de grande qualit\u00e9 car jamais b\u00e2ti). Malgr\u00e9 une r\u00e9duction de 30 % de la surface imperm\u00e9abilis\u00e9e par rapport au projet (HOP3) l\u2019impact pr\u00e9visible sur le site et la biodiversit\u00e9 de la zone verte alentour reste tr\u00e8s important. Un projet bien trop dense et aux cons\u00e9quences dramatiques pour le Donderberg comme pour ses abords.<\/p><p>Le plan d\u2019implantation ci dessous montre l\u2019impact majeur du projet sur le site.<\/p>\t\t\t\t\t\t<\/div>\n\t\t\t\t<\/div>\n\t\t\t\t<\/div>\n\t\t<div class=\"elementor-element elementor-element-7e6052a e-flex e-con-boxed e-con e-parent\" data-id=\"7e6052a\" data-element_type=\"container\">\n\t\t\t\t\t<div class=\"e-con-inner\">\n\t\t\t\t<div class=\"elementor-element elementor-element-10c74fa elementor-widget__width-initial elementor-widget elementor-widget-image\" data-id=\"10c74fa\" data-element_type=\"widget\" data-widget_type=\"image.default\">\n\t\t\t\t<div class=\"elementor-widget-container\">\n\t\t\t\t\t\t\t\t\t\t\t\t\t<img decoding=\"async\" width=\"768\" height=\"339\" src=\"https:\/\/www.donderberg.laeken.brussels\/wp-content\/uploads\/2024\/05\/HOP4_sport_-2021-03-12-768x339-1.png\" class=\"attachment-large size-large wp-image-104\" alt=\"\" srcset=\"https:\/\/www.donderberg.laeken.brussels\/wp-content\/uploads\/2024\/05\/HOP4_sport_-2021-03-12-768x339-1.png 768w, https:\/\/www.donderberg.laeken.brussels\/wp-content\/uploads\/2024\/05\/HOP4_sport_-2021-03-12-768x339-1-300x132.png 300w\" sizes=\"100vw\" \/>\t\t\t\t\t\t\t\t\t\t\t\t\t<\/div>\n\t\t\t\t<\/div>\n\t\t\t\t\t<\/div>\n\t\t\t\t<\/div>\n\t\t\t\t<\/div>\n\t\t","protected":false},"excerpt":{"rendered":"<p>D\u00e9but f\u00e9vrier 2022 la Ville publie son projet HOP5 , la cinqui\u00e8me mouture de son projet sur le site remarquable du Donderberg. Ce projet est similaire au projet\u00a0HOP4. Le projet pr\u00e9voit la construction sur le site d\u2019une \u00e9cole fondamentale de 672 places (sans en d\u00e9montrer la n\u00e9cessit\u00e9), une salle de sport (qui accueillera sur son &hellip; <\/p>\n<p class=\"link-more\"><a href=\"https:\/\/www.donderberg.laeken.brussels\/index.php\/hop-project\/\" class=\"more-link\">Read more<span class=\"screen-reader-text\"> &#8220;HOP project&#8221;<\/span><\/a><\/p>\n","protected":false},"author":2,"featured_media":0,"parent":0,"menu_order":0,"comment_status":"closed","ping_status":"closed","template":"","meta":{"footnotes":""},"class_list":["post-50","page","type-page","status-publish","hentry"],"_links":{"self":[{"href":"https:\/\/www.donderberg.laeken.brussels\/index.php\/wp-json\/wp\/v2\/pages\/50","targetHints":{"allow":["GET"]}}],"collection":[{"href":"https:\/\/www.donderberg.laeken.brussels\/index.php\/wp-json\/wp\/v2\/pages"}],"about":[{"href":"https:\/\/www.donderberg.laeken.brussels\/index.php\/wp-json\/wp\/v2\/types\/page"}],"author":[{"embeddable":true,"href":"https:\/\/www.donderberg.laeken.brussels\/index.php\/wp-json\/wp\/v2\/users\/2"}],"replies":[{"embeddable":true,"href":"https:\/\/www.donderberg.laeken.brussels\/index.php\/wp-json\/wp\/v2\/comments?post=50"}],"version-history":[{"count":5,"href":"https:\/\/www.donderberg.laeken.brussels\/index.php\/wp-json\/wp\/v2\/pages\/50\/revisions"}],"predecessor-version":[{"id":227,"href":"https:\/\/www.donderberg.laeken.brussels\/index.php\/wp-json\/wp\/v2\/pages\/50\/revisions\/227"}],"wp:attachment":[{"href":"https:\/\/www.donderberg.laeken.brussels\/index.php\/wp-json\/wp\/v2\/media?parent=50"}],"curies":[{"name":"wp","href":"https:\/\/api.w.org\/{rel}","templated":true}]}}