{"id":44,"date":"2024-05-22T09:59:26","date_gmt":"2024-05-22T09:59:26","guid":{"rendered":"http:\/\/www.donderberg.laeken.brussels\/?page_id=44"},"modified":"2024-05-30T19:15:44","modified_gmt":"2024-05-30T19:15:44","slug":"history","status":"publish","type":"page","link":"https:\/\/www.donderberg.laeken.brussels\/index.php\/history\/","title":{"rendered":"Un peu d&#8217;histoire"},"content":{"rendered":"\t\t<div data-elementor-type=\"wp-page\" data-elementor-id=\"44\" class=\"elementor elementor-44\">\n\t\t\t\t<div class=\"elementor-element elementor-element-85ffa6e e-flex e-con-boxed e-con e-parent\" data-id=\"85ffa6e\" data-element_type=\"container\">\n\t\t\t\t\t<div class=\"e-con-inner\">\n\t\t\t\t<div class=\"elementor-element elementor-element-a4da2d7 elementor-widget elementor-widget-text-editor\" data-id=\"a4da2d7\" data-element_type=\"widget\" data-widget_type=\"text-editor.default\">\n\t\t\t\t<div class=\"elementor-widget-container\">\n\t\t\t<style>\/*! elementor - v3.21.0 - 20-05-2024 *\/\n.elementor-widget-text-editor.elementor-drop-cap-view-stacked .elementor-drop-cap{background-color:#69727d;color:#fff}.elementor-widget-text-editor.elementor-drop-cap-view-framed .elementor-drop-cap{color:#69727d;border:3px solid;background-color:transparent}.elementor-widget-text-editor:not(.elementor-drop-cap-view-default) .elementor-drop-cap{margin-top:8px}.elementor-widget-text-editor:not(.elementor-drop-cap-view-default) .elementor-drop-cap-letter{width:1em;height:1em}.elementor-widget-text-editor .elementor-drop-cap{float:left;text-align:center;line-height:1;font-size:50px}.elementor-widget-text-editor .elementor-drop-cap-letter{display:inline-block}<\/style>\t\t\t\t<p>De tous temps les paysages de Laeken ont inspir\u00e9 les peintres paysagistes. Ci dessous un tableau d&#8217; <strong>Andreas Martin<\/strong> montrant la dr\u00e8ve Saint-Anne au 18 si\u00e8cle et le Donderberg \u00e0 droite.\u00a0<\/p>\t\t\t\t\t\t<\/div>\n\t\t\t\t<\/div>\n\t\t\t\t\t<\/div>\n\t\t\t\t<\/div>\n\t\t<div class=\"elementor-element elementor-element-c127765 e-con-full e-flex e-con e-parent\" data-id=\"c127765\" data-element_type=\"container\" data-settings=\"{&quot;background_background&quot;:&quot;classic&quot;}\">\n\t\t<div class=\"elementor-element elementor-element-ff9e81e e-con-full e-flex e-con e-child\" data-id=\"ff9e81e\" data-element_type=\"container\">\n\t\t\t\t<div class=\"elementor-element elementor-element-bd16950 elementor-widget elementor-widget-image\" data-id=\"bd16950\" data-element_type=\"widget\" data-widget_type=\"image.default\">\n\t\t\t\t<div class=\"elementor-widget-container\">\n\t\t\t<style>\/*! elementor - v3.21.0 - 20-05-2024 *\/\n.elementor-widget-image{text-align:center}.elementor-widget-image a{display:inline-block}.elementor-widget-image a img[src$=\".svg\"]{width:48px}.elementor-widget-image img{vertical-align:middle;display:inline-block}<\/style>\t\t\t\t\t\t\t\t\t\t<img fetchpriority=\"high\" decoding=\"async\" width=\"1024\" height=\"873\" src=\"https:\/\/www.donderberg.laeken.brussels\/wp-content\/uploads\/2024\/05\/history.jpg\" class=\"attachment-1536x1536 size-1536x1536 wp-image-86\" alt=\"\" srcset=\"https:\/\/www.donderberg.laeken.brussels\/wp-content\/uploads\/2024\/05\/history.jpg 1024w, https:\/\/www.donderberg.laeken.brussels\/wp-content\/uploads\/2024\/05\/history-300x256.jpg 300w\" sizes=\"100vw\" \/>\t\t\t\t\t\t\t\t\t\t\t\t\t<\/div>\n\t\t\t\t<\/div>\n\t\t\t\t<\/div>\n\t\t<div class=\"elementor-element elementor-element-6b8bd8a e-con-full e-flex e-con e-child\" data-id=\"6b8bd8a\" data-element_type=\"container\">\n\t\t\t\t<div class=\"elementor-element elementor-element-ead3460 elementor-widget__width-inherit elementor-widget elementor-widget-text-editor\" data-id=\"ead3460\" data-element_type=\"widget\" data-widget_type=\"text-editor.default\">\n\t\t\t\t<div class=\"elementor-widget-container\">\n\t\t\t\t\t\t\t<p>Ancienne p\u00e9pini\u00e8re du Domaine royal c\u00e9d\u00e9e en 1900 par L\u00e9opold II \u00e0 l&#8217;\u00c9tat belge dans le cadre de la Loi sur la Donation royale, le Donderberg rec\u00e8le encore des traces de son pass\u00e9 horticole.\u00a0<\/p><p>On y recense notamment des fruitiers anciens, dont des cerisiers et des pommiers en quantit\u00e9, et treize arbres remarquables inscrits \u00e0 l&#8217;inventaire de la R\u00e9gion bruxelloise. Le Donderberg fait partie de l\u2019ensemble constitu\u00e9 par les Jardins du Fleuriste et les serres du Stuyvenberg. Il est travers\u00e9 par un sentier et deux chemins vicinaux.\u00a0<\/p><p>Ancienne p\u00e9pini\u00e8re du Domaine royal c\u00e9d\u00e9e en 1900 par L\u00e9opold II \u00e0 l&#8217;\u00c9tat belge dans le cadre de la Loi sur la Donation royale, le Donderberg rec\u00e8le encore des traces de son pass\u00e9 horticole.<\/p>\t\t\t\t\t\t<\/div>\n\t\t\t\t<\/div>\n\t\t\t\t<\/div>\n\t\t\t\t<\/div>\n\t\t<div class=\"elementor-element elementor-element-af10cd1 e-flex e-con-boxed e-con e-parent\" data-id=\"af10cd1\" data-element_type=\"container\">\n\t\t\t\t\t<div class=\"e-con-inner\">\n\t\t\t\t<div class=\"elementor-element elementor-element-d03584f elementor-widget elementor-widget-text-editor\" data-id=\"d03584f\" data-element_type=\"widget\" data-widget_type=\"text-editor.default\">\n\t\t\t\t<div class=\"elementor-widget-container\">\n\t\t\t\t\t\t\t<p>On y recense notamment des fruitiers anciens, dont des cerisiers et des pommiers en quantit\u00e9, et treize arbres remarquables inscrits \u00e0 l&#8217;inventaire de la R\u00e9gion bruxelloise. Le Donderberg fait partie de l\u2019ensemble constitu\u00e9 par les Jardins du Fleuriste et les serres du Stuyvenberg. Il est travers\u00e9 par un sentier et deux chemins vicinaux.<\/p>\n<p>Exploit\u00e9 jusque dans les ann\u00e9es 1950, il est acquis en 1969 par le CPAS de la Ville de Bruxelles, qui le cl\u00f4ture. En 1993, le CPAS pr\u00e9voit d&#8217;y construire des tours d&#8217;habitation, suscitant une lev\u00e9e de bouclier des habitants, et la naissance du comit\u00e9 de quartier Donderberg (qui existe toujours). Laiss\u00e9 \u00e0 l\u2019\u00e9tat sauvage depuis plus de 50 ans, la nature &#8211; faune et flore &#8211; y a pleinement repris ses droits. En plus d&#8217;\u00eatre un site \u00e0 valeur patrimoniale vu son lien historique avec les parc royaux, Le Donderbeg est un vrai poumon vert.<\/p>\t\t\t\t\t\t<\/div>\n\t\t\t\t<\/div>\n\t\t\t\t\t<\/div>\n\t\t\t\t<\/div>\n\t\t<div class=\"elementor-element elementor-element-d75f10b e-flex e-con-boxed e-con e-parent\" data-id=\"d75f10b\" data-element_type=\"container\">\n\t\t\t\t\t<div class=\"e-con-inner\">\n\t\t\t\t<div class=\"elementor-element elementor-element-2d0c6ee elementor-widget elementor-widget-text-editor\" data-id=\"2d0c6ee\" data-element_type=\"widget\" data-widget_type=\"text-editor.default\">\n\t\t\t\t<div class=\"elementor-widget-container\">\n\t\t\t\t\t\t\t<p><strong>En 2001<\/strong>, une changement d&#8217;affectation au Plan r\u00e9gional d&#8217;Affectation des Sols (PRAS, en jargon urbanistique) lui attribue la nouvelle fonction de &#8220;zone d&#8217;\u00e9quipement d&#8217;int\u00e9r\u00eat collectif&#8221;. Ce changement d&#8217;affectation est fait sans tambour ni trompette, si bien que les habitants du quartier ne l&#8217;apprennent que bien plus tard, \u00e0 leur d\u00e9pens.<\/p><p><strong>D\u00e8s 2011, les premi\u00e8res mentions d&#8217;un projet d&#8217;\u00e9cole<\/strong> apparaissent dans la presse, suscitant la r\u00e9action du Comit\u00e9 de quartier, qui cherche \u00e0 \u00e9tablir un contact avec la Ville pour en savoir plus et plaider en faveur d&#8217;un autre emplacement. En effet, un autre projet de taille pr\u00e9occupe d\u00e9j\u00e0 le quartier, \u00e0 savoir l&#8217;installation de l&#8217;\u00e9norme \u00c9cole europ\u00e9enne IV entre le rue M\u00e9dori, l&#8217;avenue des Robiniers et la Dr\u00e8ve Sainte-Anne, \u00e0 l&#8217;emplacement de l&#8217;ancienne \u00e9cole des Cadets (encore plus anciennement Caserne des Grenadiers), avec ouverture planifi\u00e9e pour septembre 2012.<\/p><p>Rien n&#8217;y fait. <strong>Depuis 2013, la R\u00e9gie Fonci\u00e8re de la Ville de Bruxelles<\/strong>, pouss\u00e9e dans le dos par le promoteur Delens, veut y \u00e9riger un projet hors-norme: un \u00e9tablissement scolaire mammouth pour 670 \u00e9l\u00e8ves, un hall sportif semi-enterr\u00e9 (qui accueillera sur son toit une des cours de r\u00e9cr\u00e9ation (sic)) ainsi que des logements.<\/p><p><strong>En 2016, le projet HOP<\/strong> (pour Horticulteurs-Perruches) d\u00e9barque. La premi\u00e8re enqu\u00eate publique a lieu au printemps et pr\u00e9voit 75 logements (trois barres de logements) sur le haut du site, tandis que l&#8217;\u00e9norme \u00e9cole occupe le bas. Le comit\u00e9 de quartier et les habitants se mobilisent et prennent part en nombre \u00e0 la commission de concertation, dont l&#8217;avis sera d\u00e9favorable.<\/p><p>De retour un an plus tard, au <strong>printemps 2017, le projet HOP2<\/strong>, a r\u00e9duit le nombre de logement \u00e0 45 en supprimant une barre de logement, mais l&#8217;emprise au sol est toujours de 14000 m<sup>2<\/sup> de surface b\u00e9tonn\u00e9e. Les permis sont cette fois n\u00e9anmoins accord\u00e9s. Les habitants, d\u00e9cid\u00e9s \u00e0 obtenir gain de cause, se lancent alors dans une saga administrative et judiciaire.<\/p><p>Alors que le Conseil d\u2019Etat, au vu des irr\u00e9gularit\u00e9s constat\u00e9es, suspendait dans l\u2019urgence les permis d\u2019urbanisme d&#8217;HOP2, et que des voix au sein de la nouvelle majorit\u00e9 laissaient entendre une remise \u00e0 plat du projet en concertation avec les habitants, la R\u00e9gie n\u2019attendant ni la d\u00e9cision finale du Conseil d\u2019Etat, ni la concertation, introduit en <strong>septembre 2019<\/strong>, parall\u00e8lement \u00e0 la proc\u00e9dure HOP2 toujours en cours, une nouvelle demande de permis &#8211; <strong>HOP3 &#8211;<\/strong> \u00e0 peine corrig\u00e9e \u00e0 la marge, \u00e0 la stup\u00e9faction des riverains.<\/p><p>Une fois de plus, les habitants, comit\u00e9 et associations unissent leurs force &#8211; le collectif Save Donderberg voit le jour &#8211; pour emp\u00eacher la r\u00e9alisation dudit projet. Le 3 mars 2020, l<em>a commission de concertation rend un <strong>avis favorable sous conditions<\/strong><\/em> <em><strong>sur HOP3<\/strong> : tandis que le projet d&#8217;\u00e9cole est maintenu, les logements ne seront plus sur la partie nord du site mais devront \u00eatre implant\u00e9s le long de la rue des Horticulteurs<\/em>.<\/p><p><strong>Fin janvier 2021, le projet HOP4<\/strong> est arriv\u00e9 : les nouveaut\u00e9s sont les 8 logements et commerce\/\u00e9tablissement horeca en lisi\u00e8re de site et la r\u00e9duction de l&#8217;empris au sol \u00e0 9300 m\u00b2 de surface b\u00e9tonn\u00e9e. N\u00e9anmoins, le nombre d&#8217;arbres sacrifi\u00e9s n&#8217;a pas diminu\u00e9&#8230; Encore une occasion manqu\u00e9e de pr\u00e9sever le site. <a href=\"http:\/\/savedonderberg.laeken.brussels\/index.php\/hop4\/\">D\u00e9couvrez le projet HOP4<\/a><\/p><p>Les habitants du quartier Donderberg ont toujours cherch\u00e9 \u00e0 \u00eatre constructifs et sont ouverts \u00e0 une utilisation raisonn\u00e9e de cet espace (voir les projets alternatifs soumis au fil des ann\u00e9es). Le programme propos\u00e9 par le promoteur, dense et aux forts impacts n\u00e9gatifs, ne s\u2019adapte en revanche pas du tout \u00e0 cette parcelle enclav\u00e9e. D\u2019autres <a href=\"http:\/\/savedonderberg.laeken.brussels\/index.php\/projet-alternatif\/\">projets d\u2019int\u00e9r\u00eat collectif<\/a> y trouveraient bien mieux leur place, tout en respectant la nature et l\u2019histoire des lieux.<\/p><p><!-- wp:paragraph --><\/p><p><!-- \/wp:paragraph --><\/p><p><!-- wp:paragraph --><\/p><p><!-- \/wp:paragraph --><\/p><p><!-- wp:paragraph --><\/p><p><!-- \/wp:paragraph --><\/p><p><!-- wp:paragraph --><\/p><p><!-- \/wp:paragraph --><\/p><p><!-- wp:paragraph --><\/p><p><!-- \/wp:paragraph --><\/p><p><!-- wp:paragraph --><\/p><p><!-- \/wp:paragraph --><\/p><p><!-- wp:paragraph --><\/p><p><!-- \/wp:paragraph --><\/p><p><!-- wp:paragraph --><\/p><p><!-- \/wp:paragraph --><\/p><p><!-- wp:paragraph --><\/p><p><!-- \/wp:paragraph --><\/p><p><!-- wp:paragraph --><\/p><p><!-- \/wp:paragraph --><\/p><p>Alors que d\u2019aucuns militent pour l\u2019ouverture du Domaine royal voisin, le Donderberg qui en faisait partie est, lui, directement en p\u00e9ril. Face aux multiples d\u00e9fis de l\u2019urgence climatique, il va de notre responsabilit\u00e9 de pr\u00e9server ces espaces naturels en milieu urbain. <strong>Sauvons le Donderberg !<\/strong><\/p>\t\t\t\t\t\t<\/div>\n\t\t\t\t<\/div>\n\t\t\t\t\t<\/div>\n\t\t\t\t<\/div>\n\t\t\t\t<\/div>\n\t\t","protected":false},"excerpt":{"rendered":"<p>De tous temps les paysages de Laeken ont inspir\u00e9 les peintres paysagistes. Ci dessous un tableau d&#8217; Andreas Martin montrant la dr\u00e8ve Saint-Anne au 18 si\u00e8cle et le Donderberg \u00e0 droite.\u00a0 Ancienne p\u00e9pini\u00e8re du Domaine royal c\u00e9d\u00e9e en 1900 par L\u00e9opold II \u00e0 l&#8217;\u00c9tat belge dans le cadre de la Loi sur la Donation royale, &hellip; <\/p>\n<p class=\"link-more\"><a href=\"https:\/\/www.donderberg.laeken.brussels\/index.php\/history\/\" class=\"more-link\">Read more<span class=\"screen-reader-text\"> &#8220;Un peu d&#8217;histoire&#8221;<\/span><\/a><\/p>\n","protected":false},"author":2,"featured_media":0,"parent":0,"menu_order":0,"comment_status":"closed","ping_status":"closed","template":"","meta":{"footnotes":""},"class_list":["post-44","page","type-page","status-publish","hentry"],"_links":{"self":[{"href":"https:\/\/www.donderberg.laeken.brussels\/index.php\/wp-json\/wp\/v2\/pages\/44","targetHints":{"allow":["GET"]}}],"collection":[{"href":"https:\/\/www.donderberg.laeken.brussels\/index.php\/wp-json\/wp\/v2\/pages"}],"about":[{"href":"https:\/\/www.donderberg.laeken.brussels\/index.php\/wp-json\/wp\/v2\/types\/page"}],"author":[{"embeddable":true,"href":"https:\/\/www.donderberg.laeken.brussels\/index.php\/wp-json\/wp\/v2\/users\/2"}],"replies":[{"embeddable":true,"href":"https:\/\/www.donderberg.laeken.brussels\/index.php\/wp-json\/wp\/v2\/comments?post=44"}],"version-history":[{"count":10,"href":"https:\/\/www.donderberg.laeken.brussels\/index.php\/wp-json\/wp\/v2\/pages\/44\/revisions"}],"predecessor-version":[{"id":213,"href":"https:\/\/www.donderberg.laeken.brussels\/index.php\/wp-json\/wp\/v2\/pages\/44\/revisions\/213"}],"wp:attachment":[{"href":"https:\/\/www.donderberg.laeken.brussels\/index.php\/wp-json\/wp\/v2\/media?parent=44"}],"curies":[{"name":"wp","href":"https:\/\/api.w.org\/{rel}","templated":true}]}}