{"id":220,"date":"2024-05-30T19:24:40","date_gmt":"2024-05-30T19:24:40","guid":{"rendered":"http:\/\/www.donderberg.laeken.brussels\/?page_id=220"},"modified":"2024-05-30T21:09:02","modified_gmt":"2024-05-30T21:09:02","slug":"hop4-projet","status":"publish","type":"page","link":"https:\/\/www.donderberg.laeken.brussels\/index.php\/hop4-projet\/","title":{"rendered":"HOP4 projet"},"content":{"rendered":"\t\t<div data-elementor-type=\"wp-page\" data-elementor-id=\"220\" class=\"elementor elementor-220\">\n\t\t\t\t<div class=\"elementor-element elementor-element-bb035e4 e-flex e-con-boxed e-con e-parent\" data-id=\"bb035e4\" data-element_type=\"container\">\n\t\t\t\t\t<div class=\"e-con-inner\">\n\t\t\t\t<div class=\"elementor-element elementor-element-7534c72 elementor-widget elementor-widget-text-editor\" data-id=\"7534c72\" data-element_type=\"widget\" data-widget_type=\"text-editor.default\">\n\t\t\t\t<div class=\"elementor-widget-container\">\n\t\t\t<style>\/*! elementor - v3.21.0 - 20-05-2024 *\/\n.elementor-widget-text-editor.elementor-drop-cap-view-stacked .elementor-drop-cap{background-color:#69727d;color:#fff}.elementor-widget-text-editor.elementor-drop-cap-view-framed .elementor-drop-cap{color:#69727d;border:3px solid;background-color:transparent}.elementor-widget-text-editor:not(.elementor-drop-cap-view-default) .elementor-drop-cap{margin-top:8px}.elementor-widget-text-editor:not(.elementor-drop-cap-view-default) .elementor-drop-cap-letter{width:1em;height:1em}.elementor-widget-text-editor .elementor-drop-cap{float:left;text-align:center;line-height:1;font-size:50px}.elementor-widget-text-editor .elementor-drop-cap-letter{display:inline-block}<\/style>\t\t\t\t<p>Le projet HOP \u00e9tait \u00e0 <strong>une 4<sup>e<\/sup> version en 2021, <\/strong>suite aux restrictions impos\u00e9es dans l\u2019avis favorable \u00e0 HOP3 \u00a0(voir l\u2019avis de la commission de concertation d\u2019HOP3\u00a0<a href=\"http:\/\/savedonderberg.laeken.brussels\/index.php\/avis-commission-de-concertation\/\">ici<\/a>). Le projet de supprimer partiellement les vicinaux qui sillonnent le Donderberg est pour la premi\u00e8re fois mis sur la table, illustrant bien la d\u00e9cision de la Ville de s\u2019approprier des voies publiques et de d\u00e9poss\u00e9der les habitants de la jouissance de ce site naturel pr\u00e9serv\u00e9.<\/p><p>\u00a0<\/p><p>\u00a0<\/p><p>\u00a0<\/p><p>THE LINKS DON&#8217;T WORK<\/p>\t\t\t\t\t\t<\/div>\n\t\t\t\t<\/div>\n\t\t\t\t\t<\/div>\n\t\t\t\t<\/div>\n\t\t<div class=\"elementor-element elementor-element-7914d7e e-flex e-con-boxed e-con e-parent\" data-id=\"7914d7e\" data-element_type=\"container\">\n\t\t\t\t\t<div class=\"e-con-inner\">\n\t\t\t\t<div class=\"elementor-element elementor-element-0637343 elementor-widget elementor-widget-heading\" data-id=\"0637343\" data-element_type=\"widget\" data-widget_type=\"heading.default\">\n\t\t\t\t<div class=\"elementor-widget-container\">\n\t\t\t<style>\/*! elementor - v3.21.0 - 20-05-2024 *\/\n.elementor-heading-title{padding:0;margin:0;line-height:1}.elementor-widget-heading .elementor-heading-title[class*=elementor-size-]>a{color:inherit;font-size:inherit;line-height:inherit}.elementor-widget-heading .elementor-heading-title.elementor-size-small{font-size:15px}.elementor-widget-heading .elementor-heading-title.elementor-size-medium{font-size:19px}.elementor-widget-heading .elementor-heading-title.elementor-size-large{font-size:29px}.elementor-widget-heading .elementor-heading-title.elementor-size-xl{font-size:39px}.elementor-widget-heading .elementor-heading-title.elementor-size-xxl{font-size:59px}<\/style><h1 class=\"elementor-heading-title elementor-size-default\">COMMISSION DE CONCERTATION DONDERBERG  <br>VICINAUX \u2013 HOP4 \u2013 23 MARS 2021<\/h1>\t\t<\/div>\n\t\t\t\t<\/div>\n\t\t\t\t\t<\/div>\n\t\t\t\t<\/div>\n\t\t<div class=\"elementor-element elementor-element-7b415d3 e-flex e-con-boxed e-con e-parent\" data-id=\"7b415d3\" data-element_type=\"container\">\n\t\t\t\t\t<div class=\"e-con-inner\">\n\t\t\t\t<div class=\"elementor-element elementor-element-83c745c elementor-widget elementor-widget-text-editor\" data-id=\"83c745c\" data-element_type=\"widget\" data-widget_type=\"text-editor.default\">\n\t\t\t\t<div class=\"elementor-widget-container\">\n\t\t\t\t\t\t\t<p>Contrairement \u00e0 ce \u00e0 quoi l\u2019on aurait pu s\u2019attendre, les deux demandes \/ enqu\u00eates \u2013 suppression des vicinaux et construction de logements et d\u2019une \u00e9cole \u2013 ont \u00e9t\u00e9 trait\u00e9es lors de la m\u00eame commission de concertation et par les m\u00eames fonctionnaires d\u00e9l\u00e9gu\u00e9s de l\u2019administration.<\/p><p>Le\u00a0<strong>Comit\u00e9 (de quartier) Donderberg,\u00a0<\/strong>l\u2019ASBL<strong>\u00a0Laeken.Brussels\u00a0<\/strong>et le\u00a0<strong>Collectif Save Donderberg<\/strong>\u00a0avaient pr\u00e9par\u00e9 un certain nombre de\u00a0<strong><a href=\"http:\/\/savedonderberg.laeken.brussels\/index.php\/presentations-hop4\/\">pr\u00e9sentations<\/a><\/strong>, second\u00e9s par l\u2019ASBL Atelier Recherche et Action Urbaine (ARAU) sur le point Suppression des vicinaux, et par l\u2019ASBL Natagora pour les aspects environnementaux projet HOP4.<\/p><p>L\u2019ARAU a publi\u00e9, en amont de la CC, une\u00a0<a href=\"http:\/\/savedonderberg.laeken.brussels\/wp-content\/uploads\/2021\/04\/AVIS-Donderberg-ARAU.pdf\" target=\"_blank\" rel=\"noreferrer noopener\"><strong>analyse tr\u00e8s compl\u00e8te<\/strong><\/a>\u00a0de la question du Donderberg, de son int\u00e9gration dans le quartier et la\u00a0<strong>n\u00e9cessit\u00e9 de le pr\u00e9server en l\u2019\u00e9tat et de le rendre accessible<\/strong>\u00a0\u00e0 un plus grand nombre.<\/p><p>La tenue en ligne par visioconf\u00e9rence Zoom de cette commission de concertation, \u2013 la 4e en ce qui concerne la plupart des d\u00e9fenseurs du Donderberg \u2013 a eu pour cons\u00e9quence que la fr\u00e9quentation s\u2019est limit\u00e9e \u00e0 ca. 100 personnes, et ce malgr\u00e9 la politique (anti) \u201cfracture num\u00e9rique\u201d de la Ville, consistant \u00e0 mettre \u00e0 disposition des ordinateurs au centre administratif situ\u00e9 bd Anspach. On a pu constater que globalement un large panel de la classe moyenne du quartier \u00e9tait repr\u00e9sent\u00e9e tandis que, par ailleurs, de nombreux fid\u00e8les des CC HOP, habitants du quartier, n\u2019\u00e9taient pas pr\u00e9sents. Visiblement, la fracture num\u00e9rique ne se r\u00e9sout pas si simplement \u2026<\/p><p>La commission de concertation n\u2019a pas tard\u00e9 \u00e0 rendre son avis : c\u2019\u00e9tait chose faite le 7 avril soit \u00e0 peine plus de 2 semaines apr\u00e8s la rencontre virtuelle.<\/p><p>Avis favorables n\u00e9anmoins assortis de conditions telles que cela semble annoncer un projet HOP5 \u2026 Quant aux vicinaux, il va falloir passer \u00e0 la phase 2 : le recours aupr\u00e8s du gouvernement r\u00e9gional.<\/p><p>Avis de la CC sur la question de la suppression partielle des vicinaux\u00a0<strong><a href=\"http:\/\/savedonderberg.laeken.brussels\/wp-content\/uploads\/2021\/04\/AVIS-CC_20210407_vicinaux.pdf\" target=\"_blank\" rel=\"noreferrer noopener\">ici<\/a><\/strong><\/p><p>Avis de la CC sur le projet HOP4\u00a0<strong><a href=\"http:\/\/savedonderberg.laeken.brussels\/wp-content\/uploads\/2021\/04\/AVIS_CC_HOP4_20210407.pdf\" target=\"_blank\" rel=\"noreferrer noopener\">ici<\/a><\/strong><\/p>\t\t\t\t\t\t<\/div>\n\t\t\t\t<\/div>\n\t\t\t\t\t<\/div>\n\t\t\t\t<\/div>\n\t\t<div class=\"elementor-element elementor-element-f6de82e e-flex e-con-boxed e-con e-parent\" data-id=\"f6de82e\" data-element_type=\"container\">\n\t\t\t\t\t<div class=\"e-con-inner\">\n\t\t\t\t<div class=\"elementor-element elementor-element-c6c168f elementor-widget elementor-widget-heading\" data-id=\"c6c168f\" data-element_type=\"widget\" data-widget_type=\"heading.default\">\n\t\t\t\t<div class=\"elementor-widget-container\">\n\t\t\t<h1 class=\"elementor-heading-title elementor-size-default\">PR\u00c9SENTATIONS CC HOP4<\/h1>\t\t<\/div>\n\t\t\t\t<\/div>\n\t\t\t\t\t<\/div>\n\t\t\t\t<\/div>\n\t\t<div class=\"elementor-element elementor-element-ab225c4 e-flex e-con-boxed e-con e-parent\" data-id=\"ab225c4\" data-element_type=\"container\">\n\t\t\t\t\t<div class=\"e-con-inner\">\n\t\t\t\t<div class=\"elementor-element elementor-element-7664ca2 elementor-widget elementor-widget-text-editor\" data-id=\"7664ca2\" data-element_type=\"widget\" data-widget_type=\"text-editor.default\">\n\t\t\t\t<div class=\"elementor-widget-container\">\n\t\t\t\t\t\t\t<p>Le 23 mars 2021 la Commission de Concertation a entendu les demandeurs et les objections sur le projet HOP4 et la demande de suppression des vicinaux introduite par la Ville. La r\u00e9union s\u2019est tenue via ZOOM et a dur\u00e9 jusqu\u2019\u00e0 14h tant la mobilisation \u00e9tait importante \u00e0 Laeken et au-del\u00e0.<\/p><p>Diff\u00e9rentes pr\u00e9sentations sur les enjeux que repr\u00e9sentent les chemins vicinaux du Donderberg et sur le projet HOP ont \u00e9t\u00e9 faites par le Comit\u00e9 Donderberg, le Collectif savedonderberg, l\u2019ASBL Laeken.brussels, l\u2019ARAU et Natagora (qu\u2019on ne pr\u00e9sente plus, tant elles ont pignon sur rue) qui toutes soulignaient:<\/p><ul><li>Le caract\u00e8re remarquable de ce site par sa biodiversit\u00e9, son histoire;<\/li><li>Les opportunit\u00e9s de faire un maillage vers dans un quartier en carence d\u2019espace verts;<\/li><li>Son sol remarquable (possibilit\u00e9 d\u2019agriculture urbaine);<\/li><li>Les manquements, quelquefois graves du projet HOP. (proc\u00e9dure, mobilit\u00e9, inondations ..).<\/li><\/ul><p><strong>Pr\u00e9sentations faites \u00e0 Commission de Concertation<\/strong><\/p><p>Pr\u00e9sentation par Laeken.Brussels\u00a0( y compris l\u2019analyse : faut-il une \u00e9cole suppl\u00e9mentaire dans le quartier Houba ?)<\/p><p><a href=\"http:\/\/savedonderberg.laeken.brussels\/wp-content\/uploads\/2021\/03\/HOP4_CC_03-2021_Comite_de_Quartier_Dondeberg.pdf\">Pr\u00e9sentation par le comit\u00e9 Donderberg<\/a><\/p><p><a href=\"http:\/\/savedonderberg.laeken.brussels\/wp-content\/uploads\/2021\/03\/Slides-Natagora-Donderberg.pdf\">Pr\u00e9sentation par Natagora<\/a><\/p><p><a href=\"http:\/\/savedonderberg.laeken.brussels\/wp-content\/uploads\/2021\/03\/mobilite_HOP4_v3.pdf\">Etude de la mobilit\u00e9<\/a>\u00a0par savedonderberg<\/p><p><strong>Pr\u00e9sentations Chemins Vicinaux<\/strong><\/p><p><a href=\"http:\/\/savedonderberg.laeken.brussels\/wp-content\/uploads\/2021\/04\/HOP4-CC-21-CQD-Vicinaux.pdf\" target=\"_blank\" rel=\"noreferrer noopener\">Pr\u00e9sentation Comit\u00e9 de Quartier Donderberg<\/a><\/p><p><a href=\"http:\/\/savedonderberg.laeken.brussels\/wp-content\/uploads\/2021\/03\/CC_vicinaux_v1.pdf\">Pr\u00e9sentation Laeken.Brussels sur le chemins vicinaux du Donderberg<\/a><\/p>\t\t\t\t\t\t<\/div>\n\t\t\t\t<\/div>\n\t\t\t\t\t<\/div>\n\t\t\t\t<\/div>\n\t\t\t\t<\/div>\n\t\t","protected":false},"excerpt":{"rendered":"<p>Le projet HOP \u00e9tait \u00e0 une 4e version en 2021, suite aux restrictions impos\u00e9es dans l\u2019avis favorable \u00e0 HOP3 \u00a0(voir l\u2019avis de la commission de concertation d\u2019HOP3\u00a0ici). Le projet de supprimer partiellement les vicinaux qui sillonnent le Donderberg est pour la premi\u00e8re fois mis sur la table, illustrant bien la d\u00e9cision de la Ville de &hellip; <\/p>\n<p class=\"link-more\"><a href=\"https:\/\/www.donderberg.laeken.brussels\/index.php\/hop4-projet\/\" class=\"more-link\">Read more<span class=\"screen-reader-text\"> &#8220;HOP4 projet&#8221;<\/span><\/a><\/p>\n","protected":false},"author":2,"featured_media":0,"parent":0,"menu_order":0,"comment_status":"closed","ping_status":"closed","template":"","meta":{"footnotes":""},"class_list":["post-220","page","type-page","status-publish","hentry"],"_links":{"self":[{"href":"https:\/\/www.donderberg.laeken.brussels\/index.php\/wp-json\/wp\/v2\/pages\/220","targetHints":{"allow":["GET"]}}],"collection":[{"href":"https:\/\/www.donderberg.laeken.brussels\/index.php\/wp-json\/wp\/v2\/pages"}],"about":[{"href":"https:\/\/www.donderberg.laeken.brussels\/index.php\/wp-json\/wp\/v2\/types\/page"}],"author":[{"embeddable":true,"href":"https:\/\/www.donderberg.laeken.brussels\/index.php\/wp-json\/wp\/v2\/users\/2"}],"replies":[{"embeddable":true,"href":"https:\/\/www.donderberg.laeken.brussels\/index.php\/wp-json\/wp\/v2\/comments?post=220"}],"version-history":[{"count":7,"href":"https:\/\/www.donderberg.laeken.brussels\/index.php\/wp-json\/wp\/v2\/pages\/220\/revisions"}],"predecessor-version":[{"id":244,"href":"https:\/\/www.donderberg.laeken.brussels\/index.php\/wp-json\/wp\/v2\/pages\/220\/revisions\/244"}],"wp:attachment":[{"href":"https:\/\/www.donderberg.laeken.brussels\/index.php\/wp-json\/wp\/v2\/media?parent=220"}],"curies":[{"name":"wp","href":"https:\/\/api.w.org\/{rel}","templated":true}]}}