{"id":219,"date":"2024-05-30T19:24:40","date_gmt":"2024-05-30T19:24:40","guid":{"rendered":"http:\/\/www.donderberg.laeken.brussels\/?page_id=219"},"modified":"2024-05-30T20:43:08","modified_gmt":"2024-05-30T20:43:08","slug":"hop-3-projet","status":"publish","type":"page","link":"https:\/\/www.donderberg.laeken.brussels\/index.php\/hop-3-projet\/","title":{"rendered":"HOP 3 projet"},"content":{"rendered":"\t\t<div data-elementor-type=\"wp-page\" data-elementor-id=\"219\" class=\"elementor elementor-219\">\n\t\t\t\t<div class=\"elementor-element elementor-element-2502c27 e-flex e-con-boxed e-con e-parent\" data-id=\"2502c27\" data-element_type=\"container\">\n\t\t\t\t\t<div class=\"e-con-inner\">\n\t\t\t\t<div class=\"elementor-element elementor-element-6fbb15f elementor-widget elementor-widget-text-editor\" data-id=\"6fbb15f\" data-element_type=\"widget\" data-widget_type=\"text-editor.default\">\n\t\t\t\t<div class=\"elementor-widget-container\">\n\t\t\t<style>\/*! elementor - v3.21.0 - 20-05-2024 *\/\n.elementor-widget-text-editor.elementor-drop-cap-view-stacked .elementor-drop-cap{background-color:#69727d;color:#fff}.elementor-widget-text-editor.elementor-drop-cap-view-framed .elementor-drop-cap{color:#69727d;border:3px solid;background-color:transparent}.elementor-widget-text-editor:not(.elementor-drop-cap-view-default) .elementor-drop-cap{margin-top:8px}.elementor-widget-text-editor:not(.elementor-drop-cap-view-default) .elementor-drop-cap-letter{width:1em;height:1em}.elementor-widget-text-editor .elementor-drop-cap{float:left;text-align:center;line-height:1;font-size:50px}.elementor-widget-text-editor .elementor-drop-cap-letter{display:inline-block}<\/style>\t\t\t\t<p><strong><em>Update 2020 : c<\/em><\/strong><em><strong>ette page d\u00e9crit une version ancienne du projet. Les logements ne seront plus au milieu du site mais le long de la rue des Horticulteurs. Nous pr\u00e9senterons le nouveau projet (HOP4) lorsque nous en aurons pris connaissance.<\/strong><\/em><\/p>\t\t\t\t\t\t<\/div>\n\t\t\t\t<\/div>\n\t\t\t\t\t<\/div>\n\t\t\t\t<\/div>\n\t\t<div class=\"elementor-element elementor-element-59779b0 e-flex e-con-boxed e-con e-parent\" data-id=\"59779b0\" data-element_type=\"container\" data-settings=\"{&quot;background_background&quot;:&quot;slideshow&quot;,&quot;background_slideshow_gallery&quot;:[],&quot;background_slideshow_loop&quot;:&quot;yes&quot;,&quot;background_slideshow_slide_duration&quot;:5000,&quot;background_slideshow_slide_transition&quot;:&quot;fade&quot;,&quot;background_slideshow_transition_duration&quot;:500}\">\n\t\t\t\t\t<div class=\"e-con-inner\">\n\t\t\t\t<div class=\"elementor-element elementor-element-7e701f8 elementor-widget elementor-widget-image\" data-id=\"7e701f8\" data-element_type=\"widget\" data-widget_type=\"image.default\">\n\t\t\t\t<div class=\"elementor-widget-container\">\n\t\t\t<style>\/*! elementor - v3.21.0 - 20-05-2024 *\/\n.elementor-widget-image{text-align:center}.elementor-widget-image a{display:inline-block}.elementor-widget-image a img[src$=\".svg\"]{width:48px}.elementor-widget-image img{vertical-align:middle;display:inline-block}<\/style>\t\t\t\t\t\t\t\t\t\t<img fetchpriority=\"high\" decoding=\"async\" width=\"768\" height=\"486\" src=\"https:\/\/www.donderberg.laeken.brussels\/wp-content\/uploads\/2024\/05\/75279162_10162521421395156_1118928268683116544_o-768x486-1.jpg\" class=\"attachment-large size-large wp-image-234\" alt=\"\" srcset=\"https:\/\/www.donderberg.laeken.brussels\/wp-content\/uploads\/2024\/05\/75279162_10162521421395156_1118928268683116544_o-768x486-1.jpg 768w, https:\/\/www.donderberg.laeken.brussels\/wp-content\/uploads\/2024\/05\/75279162_10162521421395156_1118928268683116544_o-768x486-1-300x190.jpg 300w\" sizes=\"100vw\" \/>\t\t\t\t\t\t\t\t\t\t\t\t\t<\/div>\n\t\t\t\t<\/div>\n\t\t\t\t\t<\/div>\n\t\t\t\t<\/div>\n\t\t<div class=\"elementor-element elementor-element-728a809 e-flex e-con-boxed e-con e-parent\" data-id=\"728a809\" data-element_type=\"container\">\n\t\t\t\t\t<div class=\"e-con-inner\">\n\t\t\t\t<div class=\"elementor-element elementor-element-f401f06 elementor-widget elementor-widget-text-editor\" data-id=\"f401f06\" data-element_type=\"widget\" data-widget_type=\"text-editor.default\">\n\t\t\t\t<div class=\"elementor-widget-container\">\n\t\t\t\t\t\t\t<p>Depuis 2013, la R\u00e9gie Fonci\u00e8re de la Ville de Bruxelles, pouss\u00e9e dans le dos par le promoteur Delens, veut y \u00e9riger un projet hors-norme: des immeubles \u00e0 appartements (50 logements), un \u00e9tablissement scolaire mammouth pour 670 \u00e9l\u00e8ves, un hall sportif semi-enterr\u00e9 (qui accueillera sur son toit une des cours de r\u00e9cr\u00e9ation (sic)) et 130 places de parking. 14.000 m\u00b2 de surface b\u00e9tonn\u00e9e sur un site naturel et \u00e0 valeur historique.<\/p><p>Un projet \u00e0 l&#8217;\u201dancienne\u201d. Un projet qui pr\u00e9voir de faire rentrer le trafic en int\u00e9rieur d\u2019\u00eelot et ne pr\u00e9voit pas de piste cyclable s\u00e9par\u00e9e. Un projet tr\u00e8s dense (ci-dessous la partie construite, et la partie imperm\u00e9abilis\u00e9e soit 80%)<\/p>\t\t\t\t\t\t<\/div>\n\t\t\t\t<\/div>\n\t\t\t\t\t<\/div>\n\t\t\t\t<\/div>\n\t\t<div class=\"elementor-element elementor-element-067faee e-flex e-con-boxed e-con e-parent\" data-id=\"067faee\" data-element_type=\"container\">\n\t\t\t\t\t<div class=\"e-con-inner\">\n\t\t\t\t<div class=\"elementor-element elementor-element-311291d elementor-widget elementor-widget-image\" data-id=\"311291d\" data-element_type=\"widget\" data-widget_type=\"image.default\">\n\t\t\t\t<div class=\"elementor-widget-container\">\n\t\t\t\t\t\t\t\t\t\t\t\t\t<img decoding=\"async\" width=\"950\" height=\"421\" src=\"https:\/\/www.donderberg.laeken.brussels\/wp-content\/uploads\/2024\/05\/74607748_10162519121525156_9062100756533870592_o-1024x454.jpg\" class=\"attachment-large size-large wp-image-231\" alt=\"\" srcset=\"https:\/\/www.donderberg.laeken.brussels\/wp-content\/uploads\/2024\/05\/74607748_10162519121525156_9062100756533870592_o-1024x454.jpg 1024w, https:\/\/www.donderberg.laeken.brussels\/wp-content\/uploads\/2024\/05\/74607748_10162519121525156_9062100756533870592_o-300x133.jpg 300w, https:\/\/www.donderberg.laeken.brussels\/wp-content\/uploads\/2024\/05\/74607748_10162519121525156_9062100756533870592_o.jpg 1128w\" sizes=\"100vw\" \/>\t\t\t\t\t\t\t\t\t\t\t\t\t<\/div>\n\t\t\t\t<\/div>\n\t\t\t\t\t<\/div>\n\t\t\t\t<\/div>\n\t\t\t\t<\/div>\n\t\t","protected":false},"excerpt":{"rendered":"<p>Update 2020 : cette page d\u00e9crit une version ancienne du projet. Les logements ne seront plus au milieu du site mais le long de la rue des Horticulteurs. Nous pr\u00e9senterons le nouveau projet (HOP4) lorsque nous en aurons pris connaissance. Depuis 2013, la R\u00e9gie Fonci\u00e8re de la Ville de Bruxelles, pouss\u00e9e dans le dos par &hellip; <\/p>\n<p class=\"link-more\"><a href=\"https:\/\/www.donderberg.laeken.brussels\/index.php\/hop-3-projet\/\" class=\"more-link\">Read more<span class=\"screen-reader-text\"> &#8220;HOP 3 projet&#8221;<\/span><\/a><\/p>\n","protected":false},"author":2,"featured_media":0,"parent":0,"menu_order":0,"comment_status":"closed","ping_status":"closed","template":"","meta":{"footnotes":""},"class_list":["post-219","page","type-page","status-publish","hentry"],"_links":{"self":[{"href":"https:\/\/www.donderberg.laeken.brussels\/index.php\/wp-json\/wp\/v2\/pages\/219","targetHints":{"allow":["GET"]}}],"collection":[{"href":"https:\/\/www.donderberg.laeken.brussels\/index.php\/wp-json\/wp\/v2\/pages"}],"about":[{"href":"https:\/\/www.donderberg.laeken.brussels\/index.php\/wp-json\/wp\/v2\/types\/page"}],"author":[{"embeddable":true,"href":"https:\/\/www.donderberg.laeken.brussels\/index.php\/wp-json\/wp\/v2\/users\/2"}],"replies":[{"embeddable":true,"href":"https:\/\/www.donderberg.laeken.brussels\/index.php\/wp-json\/wp\/v2\/comments?post=219"}],"version-history":[{"count":4,"href":"https:\/\/www.donderberg.laeken.brussels\/index.php\/wp-json\/wp\/v2\/pages\/219\/revisions"}],"predecessor-version":[{"id":237,"href":"https:\/\/www.donderberg.laeken.brussels\/index.php\/wp-json\/wp\/v2\/pages\/219\/revisions\/237"}],"wp:attachment":[{"href":"https:\/\/www.donderberg.laeken.brussels\/index.php\/wp-json\/wp\/v2\/media?parent=219"}],"curies":[{"name":"wp","href":"https:\/\/api.w.org\/{rel}","templated":true}]}}